{"id":36154,"date":"2023-06-13T14:37:22","date_gmt":"2023-06-13T14:37:22","guid":{"rendered":"https:\/\/www.idissc.org\/clinical-and-preclinical-studies\/other-research-projects\/"},"modified":"2025-10-15T09:52:28","modified_gmt":"2025-10-15T07:52:28","slug":"other-research-projects","status":"publish","type":"page","link":"https:\/\/www.idissc.org\/en\/clinical-and-preclinical-studies\/other-research-projects\/","title":{"rendered":"Other Research Projects"},"content":{"rendered":"\n<p>In order to conduct a research project outside the framework of Clinical Trials with Medicines, Projects with Medical Devices, and Observational Studies with Medicines in accordance with the legislation in force at the Hospital Cl\u00ednico San Carlos, it will be a requirement to process the registration, obtain authorisation from the competent authorities and sign a contract with the Research Foundation. <\/p>\n\n\n\n<p>The deadline for submission is linked to the calendar of IECm meetings. The research project shall be submitted at least five working days before the date of the selected assessment meeting. <a href=\"https:\/\/www.idissc.org\/wp-content\/uploads\/2025\/10\/Calendario-Reuniones-CEIm-2025T4-26.pdf\" target=\"_blank\" rel=\"noreferrer noopener\">Check the current calendar of meetings here<\/a>.\u200b<\/p>\n\n\n\n<p><strong>Formalities:<\/strong>\u200b<\/p>\n\n\n\n<ul class=\"wp-block-list\">\n<li>Application for registration with a favourable opinion from another IECm. <a href=\"https:\/\/www.idissc.org\/wp-content\/uploads\/2023\/05\/Normas-Registro-Dictamen-Otro-CEIm_HCSC-2023.pdf\">See the documentary requirements for the registration process here<\/a>.\u200b<\/li>\n\n\n\n<li>Application for evaluation of a research project by the IECm of HCSC. <a href=\"https:\/\/www.idissc.org\/wp-content\/uploads\/2023\/05\/Normas-Epidemiologicos-HCSC-2023.pdf\">See the documentary requirements for validation and assessment here.\u200b<\/a><\/li>\n\n\n\n<li>Signing of the contract with the Biomedical Research Foundation (Fundaci\u00f3n para la Investigaci\u00f3n Biom\u00e9dica) of the HCSC and payment of the corresponding fees. <a href=\"https:\/\/www.idissc.org\/wp-content\/uploads\/2023\/05\/Normas-Epidemiologicos-HCSC-2023.pdf\">See the requirements for contract processing and associated fees here<\/a>.\u200b<\/li>\n\n\n\n<li>Download templates <a href=\"https:\/\/www.idissc.org\/wp-content\/uploads\/2023\/05\/Modelos-HCSC.zip\">here<\/a>.\u200b<\/li>\n<\/ul>\n","protected":false},"excerpt":{"rendered":"<p>In order to conduct a research project outside the framework of Clinical Trials with Medicines, Projects with Medical Devices, and Observational Studies with Medicines in accordance with the legislation in force at the Hospital Cl\u00ednico San Carlos, it will be a requirement to process the registration, obtain authorisation from the competent authorities and sign a [&hellip;]<\/p>\n","protected":false},"author":1,"featured_media":0,"parent":36142,"menu_order":0,"comment_status":"closed","ping_status":"closed","template":"page-templates\/pagina-menu-lateral.php","meta":{"footnotes":""},"class_list":["post-36154","page","type-page","status-publish","hentry"],"acf":[],"yoast_head":"<!-- This site is optimized with the Yoast SEO plugin v20.8 - https:\/\/yoast.com\/wordpress\/plugins\/seo\/ -->\n<title>Other Research Projects - IdISSC<\/title>\n<meta name=\"robots\" content=\"index, follow, max-snippet:-1, max-image-preview:large, max-video-preview:-1\" \/>\n<link rel=\"canonical\" href=\"https:\/\/www.idissc.org\/en\/clinical-and-preclinical-studies\/other-research-projects\/\" \/>\n<meta property=\"og:locale\" content=\"en_US\" \/>\n<meta property=\"og:type\" content=\"article\" \/>\n<meta property=\"og:title\" content=\"Other Research Projects - IdISSC\" \/>\n<meta property=\"og:description\" content=\"In order to conduct a research project outside the framework of Clinical Trials with Medicines, Projects with Medical Devices, and Observational Studies with Medicines in accordance with the legislation in force at the Hospital Cl\u00ednico San Carlos, it will be a requirement to process the registration, obtain authorisation from the competent authorities and sign a [&hellip;]\" \/>\n<meta property=\"og:url\" content=\"https:\/\/www.idissc.org\/en\/clinical-and-preclinical-studies\/other-research-projects\/\" \/>\n<meta property=\"og:site_name\" content=\"IdISSC\" \/>\n<meta property=\"article:modified_time\" content=\"2025-10-15T07:52:28+00:00\" \/>\n<meta name=\"twitter:card\" content=\"summary_large_image\" \/>\n<meta name=\"twitter:label1\" content=\"Est. reading time\" \/>\n\t<meta name=\"twitter:data1\" content=\"1 minute\" \/>\n<script type=\"application\/ld+json\" class=\"yoast-schema-graph\">{\"@context\":\"https:\/\/schema.org\",\"@graph\":[{\"@type\":\"WebPage\",\"@id\":\"https:\/\/www.idissc.org\/en\/clinical-and-preclinical-studies\/other-research-projects\/\",\"url\":\"https:\/\/www.idissc.org\/en\/clinical-and-preclinical-studies\/other-research-projects\/\",\"name\":\"Other Research Projects - IdISSC\",\"isPartOf\":{\"@id\":\"https:\/\/www.idissc.org\/en\/#website\"},\"datePublished\":\"2023-06-13T14:37:22+00:00\",\"dateModified\":\"2025-10-15T07:52:28+00:00\",\"breadcrumb\":{\"@id\":\"https:\/\/www.idissc.org\/en\/clinical-and-preclinical-studies\/other-research-projects\/#breadcrumb\"},\"inLanguage\":\"en-US\",\"potentialAction\":[{\"@type\":\"ReadAction\",\"target\":[\"https:\/\/www.idissc.org\/en\/clinical-and-preclinical-studies\/other-research-projects\/\"]}]},{\"@type\":\"BreadcrumbList\",\"@id\":\"https:\/\/www.idissc.org\/en\/clinical-and-preclinical-studies\/other-research-projects\/#breadcrumb\",\"itemListElement\":[{\"@type\":\"ListItem\",\"position\":1,\"name\":\"Portada\",\"item\":\"https:\/\/www.idissc.org\/en\/\"},{\"@type\":\"ListItem\",\"position\":2,\"name\":\"Clinical and preclinical studies\",\"item\":\"https:\/\/www.idissc.org\/en\/clinical-and-preclinical-studies\/\"},{\"@type\":\"ListItem\",\"position\":3,\"name\":\"Other Research Projects\"}]},{\"@type\":\"WebSite\",\"@id\":\"https:\/\/www.idissc.org\/en\/#website\",\"url\":\"https:\/\/www.idissc.org\/en\/\",\"name\":\"IdISSC\",\"description\":\"IdISSC\",\"potentialAction\":[{\"@type\":\"SearchAction\",\"target\":{\"@type\":\"EntryPoint\",\"urlTemplate\":\"https:\/\/www.idissc.org\/en\/?s={search_term_string}\"},\"query-input\":\"required name=search_term_string\"}],\"inLanguage\":\"en-US\"}]}<\/script>\n<!-- \/ Yoast SEO plugin. -->","yoast_head_json":{"title":"Other Research Projects - IdISSC","robots":{"index":"index","follow":"follow","max-snippet":"max-snippet:-1","max-image-preview":"max-image-preview:large","max-video-preview":"max-video-preview:-1"},"canonical":"https:\/\/www.idissc.org\/en\/clinical-and-preclinical-studies\/other-research-projects\/","og_locale":"en_US","og_type":"article","og_title":"Other Research Projects - IdISSC","og_description":"In order to conduct a research project outside the framework of Clinical Trials with Medicines, Projects with Medical Devices, and Observational Studies with Medicines in accordance with the legislation in force at the Hospital Cl\u00ednico San Carlos, it will be a requirement to process the registration, obtain authorisation from the competent authorities and sign a [&hellip;]","og_url":"https:\/\/www.idissc.org\/en\/clinical-and-preclinical-studies\/other-research-projects\/","og_site_name":"IdISSC","article_modified_time":"2025-10-15T07:52:28+00:00","twitter_card":"summary_large_image","twitter_misc":{"Est. reading time":"1 minute"},"schema":{"@context":"https:\/\/schema.org","@graph":[{"@type":"WebPage","@id":"https:\/\/www.idissc.org\/en\/clinical-and-preclinical-studies\/other-research-projects\/","url":"https:\/\/www.idissc.org\/en\/clinical-and-preclinical-studies\/other-research-projects\/","name":"Other Research Projects - IdISSC","isPartOf":{"@id":"https:\/\/www.idissc.org\/en\/#website"},"datePublished":"2023-06-13T14:37:22+00:00","dateModified":"2025-10-15T07:52:28+00:00","breadcrumb":{"@id":"https:\/\/www.idissc.org\/en\/clinical-and-preclinical-studies\/other-research-projects\/#breadcrumb"},"inLanguage":"en-US","potentialAction":[{"@type":"ReadAction","target":["https:\/\/www.idissc.org\/en\/clinical-and-preclinical-studies\/other-research-projects\/"]}]},{"@type":"BreadcrumbList","@id":"https:\/\/www.idissc.org\/en\/clinical-and-preclinical-studies\/other-research-projects\/#breadcrumb","itemListElement":[{"@type":"ListItem","position":1,"name":"Portada","item":"https:\/\/www.idissc.org\/en\/"},{"@type":"ListItem","position":2,"name":"Clinical and preclinical studies","item":"https:\/\/www.idissc.org\/en\/clinical-and-preclinical-studies\/"},{"@type":"ListItem","position":3,"name":"Other Research Projects"}]},{"@type":"WebSite","@id":"https:\/\/www.idissc.org\/en\/#website","url":"https:\/\/www.idissc.org\/en\/","name":"IdISSC","description":"IdISSC","potentialAction":[{"@type":"SearchAction","target":{"@type":"EntryPoint","urlTemplate":"https:\/\/www.idissc.org\/en\/?s={search_term_string}"},"query-input":"required name=search_term_string"}],"inLanguage":"en-US"}]}},"_links":{"self":[{"href":"https:\/\/www.idissc.org\/en\/wp-json\/wp\/v2\/pages\/36154","targetHints":{"allow":["GET"]}}],"collection":[{"href":"https:\/\/www.idissc.org\/en\/wp-json\/wp\/v2\/pages"}],"about":[{"href":"https:\/\/www.idissc.org\/en\/wp-json\/wp\/v2\/types\/page"}],"author":[{"embeddable":true,"href":"https:\/\/www.idissc.org\/en\/wp-json\/wp\/v2\/users\/1"}],"replies":[{"embeddable":true,"href":"https:\/\/www.idissc.org\/en\/wp-json\/wp\/v2\/comments?post=36154"}],"version-history":[{"count":3,"href":"https:\/\/www.idissc.org\/en\/wp-json\/wp\/v2\/pages\/36154\/revisions"}],"predecessor-version":[{"id":59937,"href":"https:\/\/www.idissc.org\/en\/wp-json\/wp\/v2\/pages\/36154\/revisions\/59937"}],"up":[{"embeddable":true,"href":"https:\/\/www.idissc.org\/en\/wp-json\/wp\/v2\/pages\/36142"}],"wp:attachment":[{"href":"https:\/\/www.idissc.org\/en\/wp-json\/wp\/v2\/media?parent=36154"}],"curies":[{"name":"wp","href":"https:\/\/api.w.org\/{rel}","templated":true}]}}