{"id":36150,"date":"2023-06-13T14:26:18","date_gmt":"2023-06-13T14:26:18","guid":{"rendered":"https:\/\/www.idissc.org\/clinical-and-preclinical-studies\/research-with-medical-devices\/"},"modified":"2025-10-15T09:48:17","modified_gmt":"2025-10-15T07:48:17","slug":"research-with-medical-devices","status":"publish","type":"page","link":"https:\/\/www.idissc.org\/en\/clinical-and-preclinical-studies\/research-with-medical-devices\/","title":{"rendered":"Research with Medical Devices"},"content":{"rendered":"\n<p>In order to carry out clinical research with medical devices in accordance with current legislation (REGULATION (EU) 2017\/745, R.D. 1090\/2015) at the Hospital Cl\u00ednico San Carlos, it will be a requirement to process the registration, obtain authorisation from the competent authorities, and sign a contract with the Research Foundation. <\/p>\n\n\n\n<p>\u00a0 The deadline for submission is linked to the calendar of IECm meetings.\u00a0 Research involving medical devices shall be submitted at least five working days before the date of the selected assessment meeting. <a href=\"https:\/\/www.idissc.org\/wp-content\/uploads\/2025\/10\/Calendario-Reuniones-CEIm-2025T4-26.pdf\" target=\"_blank\" rel=\"noreferrer noopener\">Check the current calendar of meetings here.<\/a><\/p>\n\n\n\n<p><strong>Formalities:\u200b\u200b<\/strong><\/p>\n\n\n\n<ul class=\"wp-block-list\">\n<li>Obtaining the document of suitability of the installations (if applicable). <a href=\"https:\/\/www.idissc.org\/wp-content\/uploads\/2023\/05\/Normas-Idoneidad-HCSC-2023.pdf\">See the documentary requirements for the processing of the suitability of installations here<\/a>.\u200b<\/li>\n\n\n\n<li>Application for registration with a favourable opinion from another IECm. <a href=\"https:\/\/www.idissc.org\/wp-content\/uploads\/2023\/05\/Normas-Registro-Dictamen-Otro-CEIm_HCSC-2023.pdf\">See the documentary requirements for the registration process here<\/a>.\u200b<\/li>\n\n\n\n<li>Application for evaluation of research involving medical devices by the IECm of HCSC. <a href=\"https:\/\/www.idissc.org\/wp-content\/uploads\/2023\/05\/Normas-PS-HCSC-2023.pdf\">See the documentary requirements for validation and assessment here<\/a>.\u200b<\/li>\n\n\n\n<li>Signing of the contract with the Biomedical Research Foundation (Fundaci\u00f3n para la Investigaci\u00f3n Biom\u00e9dica) of the HCSC and payment of the corresponding fees. <a href=\"https:\/\/www.idissc.org\/en\/clinical-and-preclinical-studies\/contractual-and-economic-management\/\">See the requirements for contract processing and associated fees here<\/a>.\u200b<\/li>\n\n\n\n<li>Download templates <a href=\"https:\/\/www.idissc.org\/wp-content\/uploads\/2023\/05\/Modelos-HCSC.zip\">here<\/a>.\u200b<\/li>\n<\/ul>\n\n\n\n<p>\u200b<\/p>\n","protected":false},"excerpt":{"rendered":"<p>In order to carry out clinical research with medical devices in accordance with current legislation (REGULATION (EU) 2017\/745, R.D. 1090\/2015) at the Hospital Cl\u00ednico San Carlos, it will be a requirement to process the registration, obtain authorisation from the competent authorities, and sign a contract with the Research Foundation. \u00a0 The deadline for submission is [&hellip;]<\/p>\n","protected":false},"author":1,"featured_media":0,"parent":36142,"menu_order":0,"comment_status":"closed","ping_status":"closed","template":"page-templates\/pagina-menu-lateral.php","meta":{"footnotes":""},"class_list":["post-36150","page","type-page","status-publish","hentry"],"acf":[],"yoast_head":"<!-- This site is optimized with the Yoast SEO plugin v20.8 - https:\/\/yoast.com\/wordpress\/plugins\/seo\/ -->\n<title>Research with Medical Devices - IdISSC<\/title>\n<meta name=\"robots\" content=\"index, follow, max-snippet:-1, max-image-preview:large, max-video-preview:-1\" \/>\n<link rel=\"canonical\" href=\"https:\/\/www.idissc.org\/en\/clinical-and-preclinical-studies\/research-with-medical-devices\/\" \/>\n<meta property=\"og:locale\" content=\"en_US\" \/>\n<meta property=\"og:type\" content=\"article\" \/>\n<meta property=\"og:title\" content=\"Research with Medical Devices - IdISSC\" \/>\n<meta property=\"og:description\" content=\"In order to carry out clinical research with medical devices in accordance with current legislation (REGULATION (EU) 2017\/745, R.D. 1090\/2015) at the Hospital Cl\u00ednico San Carlos, it will be a requirement to process the registration, obtain authorisation from the competent authorities, and sign a contract with the Research Foundation. \u00a0 The deadline for submission is [&hellip;]\" \/>\n<meta property=\"og:url\" content=\"https:\/\/www.idissc.org\/en\/clinical-and-preclinical-studies\/research-with-medical-devices\/\" \/>\n<meta property=\"og:site_name\" content=\"IdISSC\" \/>\n<meta property=\"article:modified_time\" content=\"2025-10-15T07:48:17+00:00\" \/>\n<meta name=\"twitter:card\" content=\"summary_large_image\" \/>\n<meta name=\"twitter:label1\" content=\"Est. reading time\" \/>\n\t<meta name=\"twitter:data1\" content=\"1 minute\" \/>\n<script type=\"application\/ld+json\" class=\"yoast-schema-graph\">{\"@context\":\"https:\/\/schema.org\",\"@graph\":[{\"@type\":\"WebPage\",\"@id\":\"https:\/\/www.idissc.org\/en\/clinical-and-preclinical-studies\/research-with-medical-devices\/\",\"url\":\"https:\/\/www.idissc.org\/en\/clinical-and-preclinical-studies\/research-with-medical-devices\/\",\"name\":\"Research with Medical Devices - IdISSC\",\"isPartOf\":{\"@id\":\"https:\/\/www.idissc.org\/en\/#website\"},\"datePublished\":\"2023-06-13T14:26:18+00:00\",\"dateModified\":\"2025-10-15T07:48:17+00:00\",\"breadcrumb\":{\"@id\":\"https:\/\/www.idissc.org\/en\/clinical-and-preclinical-studies\/research-with-medical-devices\/#breadcrumb\"},\"inLanguage\":\"en-US\",\"potentialAction\":[{\"@type\":\"ReadAction\",\"target\":[\"https:\/\/www.idissc.org\/en\/clinical-and-preclinical-studies\/research-with-medical-devices\/\"]}]},{\"@type\":\"BreadcrumbList\",\"@id\":\"https:\/\/www.idissc.org\/en\/clinical-and-preclinical-studies\/research-with-medical-devices\/#breadcrumb\",\"itemListElement\":[{\"@type\":\"ListItem\",\"position\":1,\"name\":\"Portada\",\"item\":\"https:\/\/www.idissc.org\/en\/\"},{\"@type\":\"ListItem\",\"position\":2,\"name\":\"Clinical and preclinical studies\",\"item\":\"https:\/\/www.idissc.org\/en\/clinical-and-preclinical-studies\/\"},{\"@type\":\"ListItem\",\"position\":3,\"name\":\"Research with Medical Devices\"}]},{\"@type\":\"WebSite\",\"@id\":\"https:\/\/www.idissc.org\/en\/#website\",\"url\":\"https:\/\/www.idissc.org\/en\/\",\"name\":\"IdISSC\",\"description\":\"IdISSC\",\"potentialAction\":[{\"@type\":\"SearchAction\",\"target\":{\"@type\":\"EntryPoint\",\"urlTemplate\":\"https:\/\/www.idissc.org\/en\/?s={search_term_string}\"},\"query-input\":\"required name=search_term_string\"}],\"inLanguage\":\"en-US\"}]}<\/script>\n<!-- \/ Yoast SEO plugin. -->","yoast_head_json":{"title":"Research with Medical Devices - IdISSC","robots":{"index":"index","follow":"follow","max-snippet":"max-snippet:-1","max-image-preview":"max-image-preview:large","max-video-preview":"max-video-preview:-1"},"canonical":"https:\/\/www.idissc.org\/en\/clinical-and-preclinical-studies\/research-with-medical-devices\/","og_locale":"en_US","og_type":"article","og_title":"Research with Medical Devices - IdISSC","og_description":"In order to carry out clinical research with medical devices in accordance with current legislation (REGULATION (EU) 2017\/745, R.D. 1090\/2015) at the Hospital Cl\u00ednico San Carlos, it will be a requirement to process the registration, obtain authorisation from the competent authorities, and sign a contract with the Research Foundation. \u00a0 The deadline for submission is [&hellip;]","og_url":"https:\/\/www.idissc.org\/en\/clinical-and-preclinical-studies\/research-with-medical-devices\/","og_site_name":"IdISSC","article_modified_time":"2025-10-15T07:48:17+00:00","twitter_card":"summary_large_image","twitter_misc":{"Est. reading time":"1 minute"},"schema":{"@context":"https:\/\/schema.org","@graph":[{"@type":"WebPage","@id":"https:\/\/www.idissc.org\/en\/clinical-and-preclinical-studies\/research-with-medical-devices\/","url":"https:\/\/www.idissc.org\/en\/clinical-and-preclinical-studies\/research-with-medical-devices\/","name":"Research with Medical Devices - IdISSC","isPartOf":{"@id":"https:\/\/www.idissc.org\/en\/#website"},"datePublished":"2023-06-13T14:26:18+00:00","dateModified":"2025-10-15T07:48:17+00:00","breadcrumb":{"@id":"https:\/\/www.idissc.org\/en\/clinical-and-preclinical-studies\/research-with-medical-devices\/#breadcrumb"},"inLanguage":"en-US","potentialAction":[{"@type":"ReadAction","target":["https:\/\/www.idissc.org\/en\/clinical-and-preclinical-studies\/research-with-medical-devices\/"]}]},{"@type":"BreadcrumbList","@id":"https:\/\/www.idissc.org\/en\/clinical-and-preclinical-studies\/research-with-medical-devices\/#breadcrumb","itemListElement":[{"@type":"ListItem","position":1,"name":"Portada","item":"https:\/\/www.idissc.org\/en\/"},{"@type":"ListItem","position":2,"name":"Clinical and preclinical studies","item":"https:\/\/www.idissc.org\/en\/clinical-and-preclinical-studies\/"},{"@type":"ListItem","position":3,"name":"Research with Medical Devices"}]},{"@type":"WebSite","@id":"https:\/\/www.idissc.org\/en\/#website","url":"https:\/\/www.idissc.org\/en\/","name":"IdISSC","description":"IdISSC","potentialAction":[{"@type":"SearchAction","target":{"@type":"EntryPoint","urlTemplate":"https:\/\/www.idissc.org\/en\/?s={search_term_string}"},"query-input":"required name=search_term_string"}],"inLanguage":"en-US"}]}},"_links":{"self":[{"href":"https:\/\/www.idissc.org\/en\/wp-json\/wp\/v2\/pages\/36150","targetHints":{"allow":["GET"]}}],"collection":[{"href":"https:\/\/www.idissc.org\/en\/wp-json\/wp\/v2\/pages"}],"about":[{"href":"https:\/\/www.idissc.org\/en\/wp-json\/wp\/v2\/types\/page"}],"author":[{"embeddable":true,"href":"https:\/\/www.idissc.org\/en\/wp-json\/wp\/v2\/users\/1"}],"replies":[{"embeddable":true,"href":"https:\/\/www.idissc.org\/en\/wp-json\/wp\/v2\/comments?post=36150"}],"version-history":[{"count":3,"href":"https:\/\/www.idissc.org\/en\/wp-json\/wp\/v2\/pages\/36150\/revisions"}],"predecessor-version":[{"id":59935,"href":"https:\/\/www.idissc.org\/en\/wp-json\/wp\/v2\/pages\/36150\/revisions\/59935"}],"up":[{"embeddable":true,"href":"https:\/\/www.idissc.org\/en\/wp-json\/wp\/v2\/pages\/36142"}],"wp:attachment":[{"href":"https:\/\/www.idissc.org\/en\/wp-json\/wp\/v2\/media?parent=36150"}],"curies":[{"name":"wp","href":"https:\/\/api.w.org\/{rel}","templated":true}]}}