{"id":36142,"date":"2023-06-13T14:00:56","date_gmt":"2023-06-13T14:00:56","guid":{"rendered":"https:\/\/www.idissc.org\/clinical-and-preclinical-studies\/"},"modified":"2023-06-13T14:01:03","modified_gmt":"2023-06-13T14:01:03","slug":"clinical-and-preclinical-studies","status":"publish","type":"page","link":"https:\/\/www.idissc.org\/en\/clinical-and-preclinical-studies\/","title":{"rendered":"Clinical and preclinical studies"},"content":{"rendered":"<p>The Health Research Institute (Instituto de Investigaci\u00f3n Sanitaria) of the Hospital Cl\u00ednico San Carlos is committed to research as one of the fundamental pillars of its activity.<\/p>\n<p>The Hospital Cl\u00ednico San Carlos has two Research Ethics Committees responsible for evaluating any research project involving humans (Ethics Committee for Research involving medicinal products &#8211; IECm) or animals (Committee on Animal Ethics and Welfare &#8211; CAEW) carried out at the centre.<\/p>\n<p>In turn, the Biomedical Research Foundation (Fundaci\u00f3n de Investigaci\u00f3n Biom\u00e9dica) collaborates in research through several transversal support units, including the Clinical Trials Coordination Unit, which is responsible for processing the registration process, providing administrative support in the evaluation of the different research projects, and monitoring the development of authorised clinical studies.<\/p>\n\n<p><\/p>\n","protected":false},"excerpt":{"rendered":"<p>The Health Research Institute (Instituto de Investigaci\u00f3n Sanitaria) of the Hospital Cl\u00ednico San Carlos is committed to research as one of the fundamental pillars of its activity. The Hospital Cl\u00ednico San Carlos has two Research Ethics Committees responsible for evaluating any research project involving humans (Ethics Committee for Research involving medicinal products &#8211; IECm) or [&hellip;]<\/p>\n","protected":false},"author":1,"featured_media":0,"parent":0,"menu_order":0,"comment_status":"closed","ping_status":"closed","template":"page-templates\/pagina-menu-lateral.php","meta":{"footnotes":""},"class_list":["post-36142","page","type-page","status-publish","hentry"],"acf":[],"yoast_head":"<!-- This site is optimized with the Yoast SEO plugin v20.8 - https:\/\/yoast.com\/wordpress\/plugins\/seo\/ -->\n<title>Clinical and preclinical studies - IdISSC<\/title>\n<meta name=\"robots\" content=\"index, follow, max-snippet:-1, max-image-preview:large, max-video-preview:-1\" \/>\n<link rel=\"canonical\" href=\"https:\/\/www.idissc.org\/en\/clinical-and-preclinical-studies\/\" \/>\n<meta property=\"og:locale\" content=\"en_US\" \/>\n<meta property=\"og:type\" content=\"article\" \/>\n<meta property=\"og:title\" content=\"Clinical and preclinical studies - IdISSC\" \/>\n<meta property=\"og:description\" content=\"The Health Research Institute (Instituto de Investigaci\u00f3n Sanitaria) of the Hospital Cl\u00ednico San Carlos is committed to research as one of the fundamental pillars of its activity. The Hospital Cl\u00ednico San Carlos has two Research Ethics Committees responsible for evaluating any research project involving humans (Ethics Committee for Research involving medicinal products &#8211; IECm) or [&hellip;]\" \/>\n<meta property=\"og:url\" content=\"https:\/\/www.idissc.org\/en\/clinical-and-preclinical-studies\/\" \/>\n<meta property=\"og:site_name\" content=\"IdISSC\" \/>\n<meta property=\"article:modified_time\" content=\"2023-06-13T14:01:03+00:00\" \/>\n<meta name=\"twitter:card\" content=\"summary_large_image\" \/>\n<meta name=\"twitter:label1\" content=\"Est. reading time\" \/>\n\t<meta name=\"twitter:data1\" content=\"1 minute\" \/>\n<script type=\"application\/ld+json\" class=\"yoast-schema-graph\">{\"@context\":\"https:\/\/schema.org\",\"@graph\":[{\"@type\":\"WebPage\",\"@id\":\"https:\/\/www.idissc.org\/en\/clinical-and-preclinical-studies\/\",\"url\":\"https:\/\/www.idissc.org\/en\/clinical-and-preclinical-studies\/\",\"name\":\"Clinical and preclinical studies - IdISSC\",\"isPartOf\":{\"@id\":\"https:\/\/www.idissc.org\/en\/#website\"},\"datePublished\":\"2023-06-13T14:00:56+00:00\",\"dateModified\":\"2023-06-13T14:01:03+00:00\",\"breadcrumb\":{\"@id\":\"https:\/\/www.idissc.org\/en\/clinical-and-preclinical-studies\/#breadcrumb\"},\"inLanguage\":\"en-US\",\"potentialAction\":[{\"@type\":\"ReadAction\",\"target\":[\"https:\/\/www.idissc.org\/en\/clinical-and-preclinical-studies\/\"]}]},{\"@type\":\"BreadcrumbList\",\"@id\":\"https:\/\/www.idissc.org\/en\/clinical-and-preclinical-studies\/#breadcrumb\",\"itemListElement\":[{\"@type\":\"ListItem\",\"position\":1,\"name\":\"Portada\",\"item\":\"https:\/\/www.idissc.org\/en\/\"},{\"@type\":\"ListItem\",\"position\":2,\"name\":\"Clinical and preclinical studies\"}]},{\"@type\":\"WebSite\",\"@id\":\"https:\/\/www.idissc.org\/en\/#website\",\"url\":\"https:\/\/www.idissc.org\/en\/\",\"name\":\"IdISSC\",\"description\":\"IdISSC\",\"potentialAction\":[{\"@type\":\"SearchAction\",\"target\":{\"@type\":\"EntryPoint\",\"urlTemplate\":\"https:\/\/www.idissc.org\/en\/?s={search_term_string}\"},\"query-input\":\"required name=search_term_string\"}],\"inLanguage\":\"en-US\"}]}<\/script>\n<!-- \/ Yoast SEO plugin. -->","yoast_head_json":{"title":"Clinical and preclinical studies - IdISSC","robots":{"index":"index","follow":"follow","max-snippet":"max-snippet:-1","max-image-preview":"max-image-preview:large","max-video-preview":"max-video-preview:-1"},"canonical":"https:\/\/www.idissc.org\/en\/clinical-and-preclinical-studies\/","og_locale":"en_US","og_type":"article","og_title":"Clinical and preclinical studies - IdISSC","og_description":"The Health Research Institute (Instituto de Investigaci\u00f3n Sanitaria) of the Hospital Cl\u00ednico San Carlos is committed to research as one of the fundamental pillars of its activity. The Hospital Cl\u00ednico San Carlos has two Research Ethics Committees responsible for evaluating any research project involving humans (Ethics Committee for Research involving medicinal products &#8211; IECm) or [&hellip;]","og_url":"https:\/\/www.idissc.org\/en\/clinical-and-preclinical-studies\/","og_site_name":"IdISSC","article_modified_time":"2023-06-13T14:01:03+00:00","twitter_card":"summary_large_image","twitter_misc":{"Est. reading time":"1 minute"},"schema":{"@context":"https:\/\/schema.org","@graph":[{"@type":"WebPage","@id":"https:\/\/www.idissc.org\/en\/clinical-and-preclinical-studies\/","url":"https:\/\/www.idissc.org\/en\/clinical-and-preclinical-studies\/","name":"Clinical and preclinical studies - IdISSC","isPartOf":{"@id":"https:\/\/www.idissc.org\/en\/#website"},"datePublished":"2023-06-13T14:00:56+00:00","dateModified":"2023-06-13T14:01:03+00:00","breadcrumb":{"@id":"https:\/\/www.idissc.org\/en\/clinical-and-preclinical-studies\/#breadcrumb"},"inLanguage":"en-US","potentialAction":[{"@type":"ReadAction","target":["https:\/\/www.idissc.org\/en\/clinical-and-preclinical-studies\/"]}]},{"@type":"BreadcrumbList","@id":"https:\/\/www.idissc.org\/en\/clinical-and-preclinical-studies\/#breadcrumb","itemListElement":[{"@type":"ListItem","position":1,"name":"Portada","item":"https:\/\/www.idissc.org\/en\/"},{"@type":"ListItem","position":2,"name":"Clinical and preclinical studies"}]},{"@type":"WebSite","@id":"https:\/\/www.idissc.org\/en\/#website","url":"https:\/\/www.idissc.org\/en\/","name":"IdISSC","description":"IdISSC","potentialAction":[{"@type":"SearchAction","target":{"@type":"EntryPoint","urlTemplate":"https:\/\/www.idissc.org\/en\/?s={search_term_string}"},"query-input":"required name=search_term_string"}],"inLanguage":"en-US"}]}},"_links":{"self":[{"href":"https:\/\/www.idissc.org\/en\/wp-json\/wp\/v2\/pages\/36142","targetHints":{"allow":["GET"]}}],"collection":[{"href":"https:\/\/www.idissc.org\/en\/wp-json\/wp\/v2\/pages"}],"about":[{"href":"https:\/\/www.idissc.org\/en\/wp-json\/wp\/v2\/types\/page"}],"author":[{"embeddable":true,"href":"https:\/\/www.idissc.org\/en\/wp-json\/wp\/v2\/users\/1"}],"replies":[{"embeddable":true,"href":"https:\/\/www.idissc.org\/en\/wp-json\/wp\/v2\/comments?post=36142"}],"version-history":[{"count":2,"href":"https:\/\/www.idissc.org\/en\/wp-json\/wp\/v2\/pages\/36142\/revisions"}],"predecessor-version":[{"id":36583,"href":"https:\/\/www.idissc.org\/en\/wp-json\/wp\/v2\/pages\/36142\/revisions\/36583"}],"wp:attachment":[{"href":"https:\/\/www.idissc.org\/en\/wp-json\/wp\/v2\/media?parent=36142"}],"curies":[{"name":"wp","href":"https:\/\/api.w.org\/{rel}","templated":true}]}}