{"id":35789,"date":"2023-06-08T07:05:50","date_gmt":"2023-06-08T07:05:50","guid":{"rendered":"https:\/\/www.idissc.org\/idissc-research-seminar-june22\/"},"modified":"2023-06-08T07:05:54","modified_gmt":"2023-06-08T07:05:54","slug":"idissc-research-seminar-june22","status":"publish","type":"page","link":"https:\/\/www.idissc.org\/en\/idissc-research-seminar-june22\/","title":{"rendered":"IdISSC Research Seminar &#8211; June&#8217;22"},"content":{"rendered":"\n<p><strong>01 June 2022<\/strong><\/p>\n\n<p class=\"has-vivid-cyan-blue-color has-text-color\"><strong>13:00 h<\/strong> <\/p>\n\n<p class=\"has-vivid-cyan-blue-color has-text-color\"><strong>Results of the coupe study: emergency coronary angiography in out-of-hospital cardiac arrest<\/strong><\/p>\n\n<p class=\"has-vivid-cyan-blue-color has-text-color\"><\/p>\n\n<figure class=\"wp-block-image size-full is-resized\"><img loading=\"lazy\" decoding=\"async\" src=\"https:\/\/www.idissc.org\/wp-content\/uploads\/2022\/05\/Ana-Viana.png\" alt=\"\" class=\"wp-image-27676\" width=\"223\" height=\"223\" srcset=\"https:\/\/www.idissc.org\/wp-content\/uploads\/2022\/05\/Ana-Viana.png 286w, https:\/\/www.idissc.org\/wp-content\/uploads\/2022\/05\/Ana-Viana-150x150.png 150w\" sizes=\"auto, (max-width: 223px) 100vw, 223px\" \/><\/figure>\n<p><strong>Dr.<\/strong> Ana Viana Tejedor<\/p>\n\n<p><em>Cardiology Assistant and Coordinator of the Acute Cardiology Care Unit of the Hospital Cl\u00ednico San Carlos. Health Research Institute of the Hospital Cl\u00ednico San Carlos (IdISSC).<\/em><\/p>\n\n<p><\/p>\n\n<p>Introduction and objectives: The role of urgent coronary angiography and angioplasty in patients with recovered out-of-hospital cardiac arrest (OHCA) without ST-segment elevation is controversial. Our aim is to assess whether coronary angiography improves survival with good neurological prognosis in this population.<\/p>\n\n<p>Methods: In this multicentre, randomised clinical trial, we included 69 patients who survived non-ST-elevation PCEH and were randomised to receive either urgent (UC) or delayed coronary angiography (DC). The primary efficacy endpoint was the composite of dependency-free hospital survival. The safety endpoint was a composite of major cardiac events, including death, reinfarction, bleeding and ventricular arrhythmias.<\/p>\n\n<p>Results: Sixty-six patients were included in the primary analysis. In-hospital survival was 62.5% in the UC group and 58.8% in the DC group (HR, 0.96; 95% CI, 0.45-2.09; P = ,93). In-hospital survival with good neurological prognosis was 59.4% in the CU group and 52.9% in the CD group (HR, 1.29; 95%CI, 0.60-2.73; P = ,4986). No differences were found in secondary endpoints, except for the incidence of acute renal failure, which was more frequent in the UC group (15.6% vs 0%, P = ,002) and of infections, more prevalent in the DC group (46.9% vs 73.5 %, P = ,003) Conclusions: In this study of patients with a non-ST-elevation PCEH, a UC was not beneficial in terms of survival with good neurological prognosis compared to a DC.<\/p>\n\n<p>Bibliography<\/p>\n\n<ol class=\"wp-block-list\" type=\"1\"><li>Collet JP, Thiele H, Barbato E, et al. 2020 ESC Guidelines for the management of acute coronary syndromes in patients presenting without persistent ST-segment elevation: The Task Force for the management of acute coronary s\u00edndromes (ACS) in patients presenting without persistent ST-segment elevation of the European Society of Cardiology (ESC). Eur Heart J 2021 abr 7;42:1289-1367.<\/li><li>Nolan JP, Sandroni C, B\u00f6ttiger BW, et al.European Resuscitation Council and European Society of Intensive Care Medicine guidelines 2021: post-resuscitation care. Intensive Care Med. 2021;47:369-421.<\/li><li>Lemkes JS, Janssens GN, van der Hoeven NW, et al. Coronary angiography after cardiac arrest without ST segment elevation. <em>N Engl J Med<\/em> 2019;380:1397-1407.<\/li><\/ol>\n<p><\/p>\n\n<p class=\"has-vivid-cyan-blue-color has-text-color\"><strong>13:30 h<\/strong><\/p>\n\n<p class=\"has-vivid-cyan-blue-color has-text-color\"><strong>Cell therapy in articular cartilage and rotator cuff regeneration processes<\/strong><\/p>\n\n<figure class=\"wp-block-image size-full\"><img loading=\"lazy\" decoding=\"async\" width=\"201\" height=\"201\" src=\"https:\/\/www.idissc.org\/wp-content\/uploads\/2022\/05\/Yaiza2.png\" alt=\"\" class=\"wp-image-27672\" srcset=\"https:\/\/www.idissc.org\/wp-content\/uploads\/2022\/05\/Yaiza2.png 201w, https:\/\/www.idissc.org\/wp-content\/uploads\/2022\/05\/Yaiza2-150x150.png 150w\" sizes=\"auto, (max-width: 201px) 100vw, 201px\" \/><\/figure>\n<p>Dr. Yaiza L\u00f3piz Morales<\/p>\n\n<p><em>Area Specialist and Member of the Shoulder and Elbow Surgery Unit of the Hospital Cl\u00ednico San Carlos de Madrid Instituto de Investigaci\u00f3n Sanitaria del Hospital Cl\u00ednico San Carlos (IdISSC).<\/em><\/p>\n\n<p>Currently, rotator cuff and articular cartilage repair surgeries, due to the different types of approach and existing techniques, do not achieve satisfactory results in all cases, with a significant percentage of tendon ruptures in the case of the rotator cuff and a repair tissue in the case of cartilage that is far from the characteristics of hyaline cartilage in terms of both durability and resistance.<\/p>\n\n<p>This has led to the search for therapeutic alternatives aimed at improving this regeneration process by guiding the repair response through appropriate signalling based on the key elements of tissue engineering: transporters, molecules and cells. This seminar will review the lines of research carried out by our department in this field and the future applications of tissue engineering processes in the treatment of the aforementioned problems.<\/p>\n\n<p><strong>Connection link:<\/strong> <a href=\"https:\/\/madrid.zoom.us\/j\/82112222618\" target=\"_blank\" rel=\"noreferrer noopener\">https:\/\/madrid.zoom.us\/j\/82112222618<\/a><\/p>\n\n<p><a href=\"https:\/\/www.idissc.org\/wp-content\/uploads\/2022\/05\/02_Programa-Seminario-junio-2022.pdf\" target=\"_blank\" rel=\"noreferrer noopener\">Download the programme<\/a><\/p>\n\n<p>If you have any questions, please contact us by e-mail: <\/p>\n\n<p><a href=\"mailto:fibgestor.hcsc@salud.madrid.org\">fibgestor.hcsc@salud.madrid.org<\/a><\/p>\n","protected":false},"excerpt":{"rendered":"<p>01 June 2022 13:00 h Results of the coupe study: emergency coronary angiography in out-of-hospital cardiac arrest Dr. Ana Viana Tejedor Cardiology Assistant and Coordinator of the Acute Cardiology Care Unit of the Hospital Cl\u00ednico San Carlos. Health Research Institute of the Hospital Cl\u00ednico San Carlos (IdISSC). Introduction and objectives: The role of urgent coronary [&hellip;]<\/p>\n","protected":false},"author":3,"featured_media":0,"parent":0,"menu_order":0,"comment_status":"closed","ping_status":"closed","template":"","meta":{"footnotes":""},"class_list":["post-35789","page","type-page","status-publish","hentry"],"acf":[],"yoast_head":"<!-- This site is optimized with the Yoast SEO plugin v20.8 - https:\/\/yoast.com\/wordpress\/plugins\/seo\/ -->\n<title>IdISSC Research Seminar - June&#039;22 - IdISSC<\/title>\n<meta name=\"robots\" content=\"index, follow, max-snippet:-1, max-image-preview:large, max-video-preview:-1\" \/>\n<link rel=\"canonical\" href=\"https:\/\/www.idissc.org\/en\/idissc-research-seminar-june22\/\" \/>\n<meta property=\"og:locale\" content=\"en_US\" \/>\n<meta property=\"og:type\" content=\"article\" \/>\n<meta property=\"og:title\" content=\"IdISSC Research Seminar - June&#039;22 - IdISSC\" \/>\n<meta property=\"og:description\" content=\"01 June 2022 13:00 h Results of the coupe study: emergency coronary angiography in out-of-hospital cardiac arrest Dr. Ana Viana Tejedor Cardiology Assistant and Coordinator of the Acute Cardiology Care Unit of the Hospital Cl\u00ednico San Carlos. Health Research Institute of the Hospital Cl\u00ednico San Carlos (IdISSC). Introduction and objectives: The role of urgent coronary [&hellip;]\" \/>\n<meta property=\"og:url\" content=\"https:\/\/www.idissc.org\/en\/idissc-research-seminar-june22\/\" \/>\n<meta property=\"og:site_name\" content=\"IdISSC\" \/>\n<meta property=\"article:modified_time\" content=\"2023-06-08T07:05:54+00:00\" \/>\n<meta property=\"og:image\" content=\"https:\/\/www.idissc.org\/wp-content\/uploads\/2022\/05\/Ana-Viana.png\" \/>\n<meta name=\"twitter:card\" content=\"summary_large_image\" \/>\n<meta name=\"twitter:label1\" content=\"Est. reading time\" \/>\n\t<meta name=\"twitter:data1\" content=\"3 minutes\" \/>\n<script type=\"application\/ld+json\" class=\"yoast-schema-graph\">{\"@context\":\"https:\/\/schema.org\",\"@graph\":[{\"@type\":\"WebPage\",\"@id\":\"https:\/\/www.idissc.org\/en\/idissc-research-seminar-june22\/\",\"url\":\"https:\/\/www.idissc.org\/en\/idissc-research-seminar-june22\/\",\"name\":\"IdISSC Research Seminar - June'22 - IdISSC\",\"isPartOf\":{\"@id\":\"https:\/\/www.idissc.org\/en\/#website\"},\"datePublished\":\"2023-06-08T07:05:50+00:00\",\"dateModified\":\"2023-06-08T07:05:54+00:00\",\"breadcrumb\":{\"@id\":\"https:\/\/www.idissc.org\/en\/idissc-research-seminar-june22\/#breadcrumb\"},\"inLanguage\":\"en-US\",\"potentialAction\":[{\"@type\":\"ReadAction\",\"target\":[\"https:\/\/www.idissc.org\/en\/idissc-research-seminar-june22\/\"]}]},{\"@type\":\"BreadcrumbList\",\"@id\":\"https:\/\/www.idissc.org\/en\/idissc-research-seminar-june22\/#breadcrumb\",\"itemListElement\":[{\"@type\":\"ListItem\",\"position\":1,\"name\":\"Portada\",\"item\":\"https:\/\/www.idissc.org\/en\/\"},{\"@type\":\"ListItem\",\"position\":2,\"name\":\"IdISSC Research Seminar &#8211; June&#8217;22\"}]},{\"@type\":\"WebSite\",\"@id\":\"https:\/\/www.idissc.org\/en\/#website\",\"url\":\"https:\/\/www.idissc.org\/en\/\",\"name\":\"IdISSC\",\"description\":\"IdISSC\",\"potentialAction\":[{\"@type\":\"SearchAction\",\"target\":{\"@type\":\"EntryPoint\",\"urlTemplate\":\"https:\/\/www.idissc.org\/en\/?s={search_term_string}\"},\"query-input\":\"required name=search_term_string\"}],\"inLanguage\":\"en-US\"}]}<\/script>\n<!-- \/ Yoast SEO plugin. -->","yoast_head_json":{"title":"IdISSC Research Seminar - June'22 - IdISSC","robots":{"index":"index","follow":"follow","max-snippet":"max-snippet:-1","max-image-preview":"max-image-preview:large","max-video-preview":"max-video-preview:-1"},"canonical":"https:\/\/www.idissc.org\/en\/idissc-research-seminar-june22\/","og_locale":"en_US","og_type":"article","og_title":"IdISSC Research Seminar - June'22 - IdISSC","og_description":"01 June 2022 13:00 h Results of the coupe study: emergency coronary angiography in out-of-hospital cardiac arrest Dr. Ana Viana Tejedor Cardiology Assistant and Coordinator of the Acute Cardiology Care Unit of the Hospital Cl\u00ednico San Carlos. Health Research Institute of the Hospital Cl\u00ednico San Carlos (IdISSC). Introduction and objectives: The role of urgent coronary [&hellip;]","og_url":"https:\/\/www.idissc.org\/en\/idissc-research-seminar-june22\/","og_site_name":"IdISSC","article_modified_time":"2023-06-08T07:05:54+00:00","og_image":[{"url":"https:\/\/www.idissc.org\/wp-content\/uploads\/2022\/05\/Ana-Viana.png"}],"twitter_card":"summary_large_image","twitter_misc":{"Est. reading time":"3 minutes"},"schema":{"@context":"https:\/\/schema.org","@graph":[{"@type":"WebPage","@id":"https:\/\/www.idissc.org\/en\/idissc-research-seminar-june22\/","url":"https:\/\/www.idissc.org\/en\/idissc-research-seminar-june22\/","name":"IdISSC Research Seminar - June'22 - IdISSC","isPartOf":{"@id":"https:\/\/www.idissc.org\/en\/#website"},"datePublished":"2023-06-08T07:05:50+00:00","dateModified":"2023-06-08T07:05:54+00:00","breadcrumb":{"@id":"https:\/\/www.idissc.org\/en\/idissc-research-seminar-june22\/#breadcrumb"},"inLanguage":"en-US","potentialAction":[{"@type":"ReadAction","target":["https:\/\/www.idissc.org\/en\/idissc-research-seminar-june22\/"]}]},{"@type":"BreadcrumbList","@id":"https:\/\/www.idissc.org\/en\/idissc-research-seminar-june22\/#breadcrumb","itemListElement":[{"@type":"ListItem","position":1,"name":"Portada","item":"https:\/\/www.idissc.org\/en\/"},{"@type":"ListItem","position":2,"name":"IdISSC Research Seminar &#8211; June&#8217;22"}]},{"@type":"WebSite","@id":"https:\/\/www.idissc.org\/en\/#website","url":"https:\/\/www.idissc.org\/en\/","name":"IdISSC","description":"IdISSC","potentialAction":[{"@type":"SearchAction","target":{"@type":"EntryPoint","urlTemplate":"https:\/\/www.idissc.org\/en\/?s={search_term_string}"},"query-input":"required name=search_term_string"}],"inLanguage":"en-US"}]}},"_links":{"self":[{"href":"https:\/\/www.idissc.org\/en\/wp-json\/wp\/v2\/pages\/35789","targetHints":{"allow":["GET"]}}],"collection":[{"href":"https:\/\/www.idissc.org\/en\/wp-json\/wp\/v2\/pages"}],"about":[{"href":"https:\/\/www.idissc.org\/en\/wp-json\/wp\/v2\/types\/page"}],"author":[{"embeddable":true,"href":"https:\/\/www.idissc.org\/en\/wp-json\/wp\/v2\/users\/3"}],"replies":[{"embeddable":true,"href":"https:\/\/www.idissc.org\/en\/wp-json\/wp\/v2\/comments?post=35789"}],"version-history":[{"count":1,"href":"https:\/\/www.idissc.org\/en\/wp-json\/wp\/v2\/pages\/35789\/revisions"}],"predecessor-version":[{"id":35790,"href":"https:\/\/www.idissc.org\/en\/wp-json\/wp\/v2\/pages\/35789\/revisions\/35790"}],"wp:attachment":[{"href":"https:\/\/www.idissc.org\/en\/wp-json\/wp\/v2\/media?parent=35789"}],"curies":[{"name":"wp","href":"https:\/\/api.w.org\/{rel}","templated":true}]}}