{"id":35778,"date":"2023-06-07T13:45:41","date_gmt":"2023-06-07T13:45:41","guid":{"rendered":"https:\/\/www.idissc.org\/idissc-research-seminar-november22\/"},"modified":"2023-06-07T13:45:46","modified_gmt":"2023-06-07T13:45:46","slug":"idissc-research-seminar-november22","status":"publish","type":"page","link":"https:\/\/www.idissc.org\/en\/idissc-research-seminar-november22\/","title":{"rendered":"IdISSC Research Seminar &#8211; November&#8217;22"},"content":{"rendered":"\n<p><strong>16 November 2022<\/strong><\/p>\n\n<p><strong>Online modality<\/strong>: URL for accessing the seminars:<a href=\"https:\/\/madrid.zoom.us\/j\/82112222618?pwd=cUdQT0xveFlYVERCSXVtZkZFMU1PQT09\" target=\"_blank\" rel=\"noreferrer noopener\">\u00a0https:\/\/madrid.zoom.us\/j\/82112222618<\/a><\/p>\n\n<p><\/p>\n\n<p class=\"has-vivid-cyan-blue-color has-text-color\"><strong>13:00h <\/strong><\/p>\n\n<p class=\"has-vivid-cyan-blue-color has-text-color\"><strong>Report on the scientific activity 2021 of the Health Research Institute of the Hospital Cl\u00ednico San Carlos<\/strong><\/p>\n\n<p>Dr. Elena Urcelay Garc\u00eda. Scientific Director of the Health Research Institute of the Hospital Cl\u00ednico San Carlos (IdISSC).<\/p>\n\n<p>This session will present the milestones of the scientific activity developed throughout the year 2021. It will highlight, among others, the bibliometric analysis data, research projects, and technology transfer and scientific dissemination activities.<\/p>\n\n<p class=\"has-vivid-cyan-blue-color has-text-color\"><strong><strong>13:05 <\/strong>h<\/strong><\/p>\n\n<p class=\"has-vivid-cyan-blue-color has-text-color\"><strong>Dissemination FIBHCSC Nominative Grant 2022<\/strong><\/p>\n\n<p>Dr. Joana Modolell Aguilar. Director of the FIB-HCSC. Health Research Institute of the Hospital Cl\u00ednico San Carlos (IdISSC).<\/p>\n\n<p>The IdISSC scientific community will be presented with available information on the Nominative Grant for Biomedical Research Foundations of the Community of Madrid.<\/p>\n\n<p>It will detail the objectives, priorities and proposed expenditure execution for the Health Research Institute of the Hospital Cl\u00ednico San Carlos in 2022.<\/p>\n\n<p><\/p>\n\n<p class=\"has-vivid-cyan-blue-color has-text-color\"><strong>13:10<\/strong> <strong>h<\/strong><\/p>\n\n<p class=\"has-vivid-cyan-blue-color has-text-color\">Effects of Intravenous Administration of Lysine Acetylsalicylate versus Oral Aspirin on Platelet Response in Patients with Acute ST-Segment Elevation Myocardial Infarction: a pharmacodynamic study.<\/p>\n\n<figure class=\"wp-block-image size-full\"><img loading=\"lazy\" decoding=\"async\" width=\"300\" height=\"300\" src=\"https:\/\/www.idissc.org\/wp-content\/uploads\/2022\/10\/David-V3.png\" alt=\"\" class=\"wp-image-30960\" srcset=\"https:\/\/www.idissc.org\/wp-content\/uploads\/2022\/10\/David-V3.png 300w, https:\/\/www.idissc.org\/wp-content\/uploads\/2022\/10\/David-V3-150x150.png 150w\" sizes=\"auto, (max-width: 300px) 100vw, 300px\" \/><\/figure>\n<p><strong><em>Dr. Luis David Vivas Balcones<\/em><\/strong><\/p>\n\n<p>Specialist Cardiology Area Practitioner. Translational research group in acute myocardial syndromes. Health Research Institute of the Hospital Cl\u00ednico San Carlos (IdISSC).<\/p>\n\n<p><strong><em>Background<\/em><\/strong>. Prasugrel and ticagrelor, new P2Y12-ADP receptor antagonists, are associated with greater pharmacodynamic inhibition and reduction of cardiovascular events in patients with an acute coronary syndrome. However, evidence is lacked about the effects of achieving faster and stronger cyclooxygenase inhibition with intravenous lysine acetylsalicylate (LA) compared to oral aspirin. Recently, we demonstrated in healthy volunteers that the administration of intravenous LA resulted in a significantly reduction of platelet reactivity compared to oral aspirin. Loading dose of LA achieves platelet inhibition faster, greater and with less variability than aspirin. However, there are no data of this issue in patients with an ST-segment elevation myocardial infarction (STEMI).<\/p>\n\n<p><strong><em>Methods.<\/em><\/strong>\u00a0This is a prospective, randomized, multicenter, open platelet function study conducted in STEMI patients. Subjects were randomly assigned to receive a loading dose (LD) of intravenous LA 450mg plus oral ticagrelor 180mg, or LD of aspirin 300mg plus ticagrelor 180mg orally. Platelet function was evaluated at baseline, 30 min, 1h, 4h and 24h using multiple electrode aggregometry and vasodilator-stimulated phosphoprotein phosphorylation (VASP). The primary endpoint of the study is the inhibition of platelet aggregation (IPA) after arachidonic acid (AA) 0.5mM at 30 min. Secondary endopoints were the IPA at 1, 4, and 24 hours after AA, and non-AA pathways through the sequence (ADP and TRAP).<\/p>\n\n<p><strong><em>Results.<\/em><\/strong> A total of 32 STEMI patients were randomized (16 LA, 16 aspirin). The inhibition of platelet aggregation after AA 0.5mM at 30 min was greater in subjects treated with LA compared with aspirin: 166 vs. 412 respectively (p = 0.001). This differential effect was observed at 1 hour (p 0 0.01), but not at 4 and 24 hours. Subjects treated with LA presented less variability and faster and greater inhibition of platelet aggregation wit AA compared with aspirin.<\/p>\n\n<p><strong><em>Conclusion.<\/em><\/strong> The administration of intravenous LA resulted in a significantly reduction of platelet reactivity compared to oral aspirin on ticagrelor inhibited platelets in patients with STEMI. Loading dose of LA achieves an earlier platelet inhibition, and with less variability than aspirin.<\/p>\n\n<p>Bibliography<\/p>\n\n<ul class=\"wp-block-list\" type=\"1\"><li>Ibanez B, James S, Agewall S, Antunes MJ, Bucciarelli-Ducci C, Bueno H, et al. 2017 ESC Guidelines for the management of acute myocardial infarction in patients presenting with ST-segment elevation: The Task Force for the management of acute myocardial infarction in patients presenting with ST-segment elevation of the European Society of Cardiology (ESC).. Eur Heart J. 2018;39:119-177.<\/li><li>Vivas D, Angiolillo DJ. Platelet P2Y12 receptor inhibition: an update on clinical drug development. Am J Cardiovasc Drugs. 2010;10:217-226.<\/li><li>Vivas D, Mart\u00edn A, Bernardo E, Ortega-Pozzi MA, Tirado G, Fern\u00e1ndez C, et al. Impact of Intravenous Lysine Acetylsalicylate Versus Oral Aspirin on Prasugrel-Inhibited Platelets: Results of a Prospective, Randomized, Crossover Study (the ECCLIPSE Trial). Circ Cardiovasc Interv. 2015;8:e002281. DOI: 10.1161\/CIRCINTERVENTIONS.114.002281.<\/li><\/ul>\n<p class=\"has-vivid-cyan-blue-color has-text-color\"><strong>13:35 h<\/strong><\/p>\n\n<p class=\"has-vivid-cyan-blue-color has-text-color\"><strong>Characterisation by T-1 mapping of obesity-associated diffuse myocardial fibrosis in acute myocardial infarction. Mechanisms involved and relationship with clinical course.<\/strong><\/p>\n\n<figure class=\"wp-block-image size-large\"><img decoding=\"async\" src=\"https:\/\/www.idissc.org\/wp-content\/uploads\/2022\/10\/Maria2.png\" alt=\"\"\/><\/figure>\n<p><strong>Dra. Mar\u00eda Luaces M\u00e9ndez.<\/strong><\/p>\n\n<p><em>Cardiovascular Imaging Research Group. Innovation Unit. Health Research Institute of the Hospital Cl\u00ednico San Carlos (IdISSC).<\/em><\/p>\n\n<p><\/p>\n\n<p><strong>Connection link: <\/strong><a href=\"https:\/\/madrid.zoom.us\/j\/82112222618?pwd=cUdQT0xveFlYVERCSXVtZkZFMU1PQT09\">https:\/\/madrid.zoom.us\/j\/82112222618https:\/\/madrid.zoom.us\/j\/82112222618?pwd=cUdQT0xveFlYVERCSXVtZkZFMU1PQT09<\/a><\/p>\n\n<p><\/p>\n\n<p>If you have any questions, please contact us by e-mail: <\/p>\n\n<p><a href=\"mailto:fibgestor.hcsc@salud.madrid.org\">fibgestor.hcsc@salud.madrid.org<\/a><\/p>\n","protected":false},"excerpt":{"rendered":"<p>16 November 2022 Online modality: URL for accessing the seminars:\u00a0https:\/\/madrid.zoom.us\/j\/82112222618 13:00h Report on the scientific activity 2021 of the Health Research Institute of the Hospital Cl\u00ednico San Carlos Dr. Elena Urcelay Garc\u00eda. Scientific Director of the Health Research Institute of the Hospital Cl\u00ednico San Carlos (IdISSC). This session will present the milestones of the scientific [&hellip;]<\/p>\n","protected":false},"author":3,"featured_media":0,"parent":0,"menu_order":0,"comment_status":"closed","ping_status":"closed","template":"","meta":{"footnotes":""},"class_list":["post-35778","page","type-page","status-publish","hentry"],"acf":[],"yoast_head":"<!-- This site is optimized with the Yoast SEO plugin v20.8 - https:\/\/yoast.com\/wordpress\/plugins\/seo\/ -->\n<title>IdISSC Research Seminar - November&#039;22 - IdISSC<\/title>\n<meta name=\"robots\" content=\"index, follow, max-snippet:-1, max-image-preview:large, max-video-preview:-1\" \/>\n<link rel=\"canonical\" href=\"https:\/\/www.idissc.org\/en\/idissc-research-seminar-november22\/\" \/>\n<meta property=\"og:locale\" content=\"en_US\" \/>\n<meta property=\"og:type\" content=\"article\" \/>\n<meta property=\"og:title\" content=\"IdISSC Research Seminar - November&#039;22 - IdISSC\" \/>\n<meta property=\"og:description\" content=\"16 November 2022 Online modality: URL for accessing the seminars:\u00a0https:\/\/madrid.zoom.us\/j\/82112222618 13:00h Report on the scientific activity 2021 of the Health Research Institute of the Hospital Cl\u00ednico San Carlos Dr. Elena Urcelay Garc\u00eda. Scientific Director of the Health Research Institute of the Hospital Cl\u00ednico San Carlos (IdISSC). This session will present the milestones of the scientific [&hellip;]\" \/>\n<meta property=\"og:url\" content=\"https:\/\/www.idissc.org\/en\/idissc-research-seminar-november22\/\" \/>\n<meta property=\"og:site_name\" content=\"IdISSC\" \/>\n<meta property=\"article:modified_time\" content=\"2023-06-07T13:45:46+00:00\" \/>\n<meta property=\"og:image\" content=\"https:\/\/www.idissc.org\/wp-content\/uploads\/2022\/10\/David-V3.png\" \/>\n<meta name=\"twitter:card\" content=\"summary_large_image\" \/>\n<meta name=\"twitter:label1\" content=\"Est. reading time\" \/>\n\t<meta name=\"twitter:data1\" content=\"4 minutes\" \/>\n<script type=\"application\/ld+json\" class=\"yoast-schema-graph\">{\"@context\":\"https:\/\/schema.org\",\"@graph\":[{\"@type\":\"WebPage\",\"@id\":\"https:\/\/www.idissc.org\/en\/idissc-research-seminar-november22\/\",\"url\":\"https:\/\/www.idissc.org\/en\/idissc-research-seminar-november22\/\",\"name\":\"IdISSC Research Seminar - November'22 - IdISSC\",\"isPartOf\":{\"@id\":\"https:\/\/www.idissc.org\/en\/#website\"},\"datePublished\":\"2023-06-07T13:45:41+00:00\",\"dateModified\":\"2023-06-07T13:45:46+00:00\",\"breadcrumb\":{\"@id\":\"https:\/\/www.idissc.org\/en\/idissc-research-seminar-november22\/#breadcrumb\"},\"inLanguage\":\"en-US\",\"potentialAction\":[{\"@type\":\"ReadAction\",\"target\":[\"https:\/\/www.idissc.org\/en\/idissc-research-seminar-november22\/\"]}]},{\"@type\":\"BreadcrumbList\",\"@id\":\"https:\/\/www.idissc.org\/en\/idissc-research-seminar-november22\/#breadcrumb\",\"itemListElement\":[{\"@type\":\"ListItem\",\"position\":1,\"name\":\"Portada\",\"item\":\"https:\/\/www.idissc.org\/en\/\"},{\"@type\":\"ListItem\",\"position\":2,\"name\":\"IdISSC Research Seminar &#8211; November&#8217;22\"}]},{\"@type\":\"WebSite\",\"@id\":\"https:\/\/www.idissc.org\/en\/#website\",\"url\":\"https:\/\/www.idissc.org\/en\/\",\"name\":\"IdISSC\",\"description\":\"IdISSC\",\"potentialAction\":[{\"@type\":\"SearchAction\",\"target\":{\"@type\":\"EntryPoint\",\"urlTemplate\":\"https:\/\/www.idissc.org\/en\/?s={search_term_string}\"},\"query-input\":\"required name=search_term_string\"}],\"inLanguage\":\"en-US\"}]}<\/script>\n<!-- \/ Yoast SEO plugin. -->","yoast_head_json":{"title":"IdISSC Research Seminar - November'22 - IdISSC","robots":{"index":"index","follow":"follow","max-snippet":"max-snippet:-1","max-image-preview":"max-image-preview:large","max-video-preview":"max-video-preview:-1"},"canonical":"https:\/\/www.idissc.org\/en\/idissc-research-seminar-november22\/","og_locale":"en_US","og_type":"article","og_title":"IdISSC Research Seminar - November'22 - IdISSC","og_description":"16 November 2022 Online modality: URL for accessing the seminars:\u00a0https:\/\/madrid.zoom.us\/j\/82112222618 13:00h Report on the scientific activity 2021 of the Health Research Institute of the Hospital Cl\u00ednico San Carlos Dr. Elena Urcelay Garc\u00eda. Scientific Director of the Health Research Institute of the Hospital Cl\u00ednico San Carlos (IdISSC). This session will present the milestones of the scientific [&hellip;]","og_url":"https:\/\/www.idissc.org\/en\/idissc-research-seminar-november22\/","og_site_name":"IdISSC","article_modified_time":"2023-06-07T13:45:46+00:00","og_image":[{"url":"https:\/\/www.idissc.org\/wp-content\/uploads\/2022\/10\/David-V3.png"}],"twitter_card":"summary_large_image","twitter_misc":{"Est. reading time":"4 minutes"},"schema":{"@context":"https:\/\/schema.org","@graph":[{"@type":"WebPage","@id":"https:\/\/www.idissc.org\/en\/idissc-research-seminar-november22\/","url":"https:\/\/www.idissc.org\/en\/idissc-research-seminar-november22\/","name":"IdISSC Research Seminar - November'22 - IdISSC","isPartOf":{"@id":"https:\/\/www.idissc.org\/en\/#website"},"datePublished":"2023-06-07T13:45:41+00:00","dateModified":"2023-06-07T13:45:46+00:00","breadcrumb":{"@id":"https:\/\/www.idissc.org\/en\/idissc-research-seminar-november22\/#breadcrumb"},"inLanguage":"en-US","potentialAction":[{"@type":"ReadAction","target":["https:\/\/www.idissc.org\/en\/idissc-research-seminar-november22\/"]}]},{"@type":"BreadcrumbList","@id":"https:\/\/www.idissc.org\/en\/idissc-research-seminar-november22\/#breadcrumb","itemListElement":[{"@type":"ListItem","position":1,"name":"Portada","item":"https:\/\/www.idissc.org\/en\/"},{"@type":"ListItem","position":2,"name":"IdISSC Research Seminar &#8211; November&#8217;22"}]},{"@type":"WebSite","@id":"https:\/\/www.idissc.org\/en\/#website","url":"https:\/\/www.idissc.org\/en\/","name":"IdISSC","description":"IdISSC","potentialAction":[{"@type":"SearchAction","target":{"@type":"EntryPoint","urlTemplate":"https:\/\/www.idissc.org\/en\/?s={search_term_string}"},"query-input":"required name=search_term_string"}],"inLanguage":"en-US"}]}},"_links":{"self":[{"href":"https:\/\/www.idissc.org\/en\/wp-json\/wp\/v2\/pages\/35778","targetHints":{"allow":["GET"]}}],"collection":[{"href":"https:\/\/www.idissc.org\/en\/wp-json\/wp\/v2\/pages"}],"about":[{"href":"https:\/\/www.idissc.org\/en\/wp-json\/wp\/v2\/types\/page"}],"author":[{"embeddable":true,"href":"https:\/\/www.idissc.org\/en\/wp-json\/wp\/v2\/users\/3"}],"replies":[{"embeddable":true,"href":"https:\/\/www.idissc.org\/en\/wp-json\/wp\/v2\/comments?post=35778"}],"version-history":[{"count":1,"href":"https:\/\/www.idissc.org\/en\/wp-json\/wp\/v2\/pages\/35778\/revisions"}],"predecessor-version":[{"id":35779,"href":"https:\/\/www.idissc.org\/en\/wp-json\/wp\/v2\/pages\/35778\/revisions\/35779"}],"wp:attachment":[{"href":"https:\/\/www.idissc.org\/en\/wp-json\/wp\/v2\/media?parent=35778"}],"curies":[{"name":"wp","href":"https:\/\/api.w.org\/{rel}","templated":true}]}}