{"id":35753,"date":"2023-06-07T12:38:42","date_gmt":"2023-06-07T12:38:42","guid":{"rendered":"https:\/\/www.idissc.org\/idissc-research-seminar-february23\/"},"modified":"2023-06-07T12:38:47","modified_gmt":"2023-06-07T12:38:47","slug":"idissc-research-seminar-february23","status":"publish","type":"page","link":"https:\/\/www.idissc.org\/en\/idissc-research-seminar-february23\/","title":{"rendered":"IdISSC Research Seminar &#8211; February&#8217;23"},"content":{"rendered":"\n<p><strong>1 February 2023<\/strong><\/p>\n\n<p><strong>Online modality:<\/strong> URL for accessing the seminars:<a href=\"https:\/\/madrid.zoom.us\/j\/82112222618?pwd=cUdQT0xveFlYVERCSXVtZkZFMU1PQT09\" target=\"_blank\" rel=\"noreferrer noopener\">\u00a0https:\/\/madrid.zoom.us\/j\/82112222618<\/a><\/p>\n\n<p><strong>Classroom:<\/strong> Aula Fern\u00e1ndez Cruz of the teaching pavilion of the Hospital Cl\u00ednico San Carlos.<\/p>\n\n<p><\/p>\n\n<p class=\"has-vivid-cyan-blue-color has-text-color\"><strong>13:00h <\/strong><\/p>\n\n<p class=\"has-vivid-cyan-blue-color has-text-color\"><strong>Results of the VALUE project: Process mining in musculoskeletal diseases.<\/strong><\/p>\n\n<p class=\"has-black-color has-text-color\"><em><em>Dr. Luis Rodr\u00edguez Rodr\u00edguez<\/em>.<\/em><\/p>\n\n<p class=\"has-black-color has-text-color\">Senior Researcher. Musculoskeletal pathology research group. Health Research Institute of the Hospital Cl\u00ednico San Carlos (IdISSC).<\/p>\n\n<p><em><strong>Summary:<\/strong><\/em><\/p>\n\n<p>The digital transformation of healthcare and effective adoption of value-based healthcare could reduce the burden of disease by redefining protocols, pathways and workflows, with the aim of increasing efficiency. For this to be possible, healthcare professionals and ICT experts need to speak the same language. Unfortunately, the adoption of digital and artificial intelligence tools remains poor, as it does not overcome the acceptance barriers that exist in a strongly evidence- and insight-driven working environment. In order to achieve this optimisation and efficient system redesign, process mining can be a key element. In this project, we have used these tools to study the flow of patients with musculoskeletal diseases between care levels and between specialties. <\/p>\n\n<p><\/p>\n\n<p><\/p>\n\n<p class=\"has-vivid-cyan-blue-color has-text-color\"><strong>13:30<\/strong> <strong>h<\/strong><\/p>\n\n<p class=\"has-vivid-cyan-blue-color has-text-color\"><strong>Results of the BRIDGES project: Genetic Susceptibility to Breast Cancer.<\/strong><\/p>\n\n<figure class=\"wp-block-image size-full\"><img loading=\"lazy\" decoding=\"async\" width=\"280\" height=\"280\" src=\"https:\/\/www.idissc.org\/wp-content\/uploads\/2023\/01\/Miguel-de-la-Hoya3.jpg\" alt=\"\" class=\"wp-image-33094\" srcset=\"https:\/\/www.idissc.org\/wp-content\/uploads\/2023\/01\/Miguel-de-la-Hoya3.jpg 280w, https:\/\/www.idissc.org\/wp-content\/uploads\/2023\/01\/Miguel-de-la-Hoya3-150x150.jpg 150w\" sizes=\"auto, (max-width: 280px) 100vw, 280px\" \/><\/figure>\n<p><\/p>\n\n<p><em><em>Dr. Miguel de la Hoya Mantec\u00f3n.<\/em><\/em> <\/p>\n\n<p><em>Senior Researcher. Clinical and Translational Research in Oncology Group. Molecular Oncology Laboratory. Health Research Institute of the Hospital Cl\u00ednico San Carlos (IdISSC).<\/em><\/p>\n\n<p><em><strong>Summary:<\/strong><\/em><\/p>\n\n<p>The Clinical and Translational Research in Oncology group at IdISSC is a founding member of the international BRIDGES consortium (Breast Cancer Risk after Diagnostic Gene Sequencing, https:\/\/bridges-research.eu\/). This consortium was created in 2014 with the fundamental objective of ensuring the correct translation to the clinic (genetic counselling in familial breast cancer) of the results generated by NGS panels. The consortium has received European funding in the period 2015-2021 (H2020 grant agreement 634935).<\/p>\n\n<p>The seminar will present some of the most relevant results generated by BRIDGES in recent years, including risk estimates for 34 candidate breast cancer susceptibility genes, the development of tools to standardise the clinical classification of variants in the sub-group of clinically relevant genes (ATM, BARD1, BRCA1, BRCA2, CHEK2, RAD51C, RAD51D, PALB2), and studies that have demonstrated the relevance of splicing alterations in genetic susceptibility to breast cancer.<\/p>\n\n<p><\/p>\n\n<p>Bibliography<\/p>\n\n<p><em>Li S et al. Cancer Risks Associated With BRCA1 and BRCA2 Pathogenic Variants. J Clin Oncol. 2022;40(14):1529-1541. Dorling L et al. Breast cancer risks associated with missense variants in breast cancer susceptibility genes. Genome Med. 2022 ;14(1):51. Dorling L et al. Breast Cancer Risk Genes &#8211; Association Analysis in More than 113,000 Women. N Engl J Med. 2021 Feb 4;384(5):428-439. Valenzuela-Palomo A. Splicing predictions, minigene analyses, and ACMG-AMP clinical classification of 42 germline PALB2 splice-site variants. J Pathol. 2022 Mar;256(3):321-334. Sanoguera-Miralles L et al. Minigene Splicing Assays Identify 20 Spliceogenic Variants of the Breast\/Ovarian Cancer Susceptibility Gene RAD51C. Cancers (Basel). 2022;14(12):2960. Bueno-Mart\u00ednez E et al. Minigene-based splicing analysis and ACMG\/AMP-based tentative classification of 56 ATM variants. J Pathol. 2022;258(1):83-101. Bueno-Mart\u00ednez E et al. RAD51D\u00a0Aberrant Splicing in Breast Cancer: Identification of Splicing Regulatory Elements and Minigene-Based Evaluation of 53 DNA Variants. Cancers (Basel). 2021;13(11):2845<\/em>.<\/p>\n\n<p><\/p>\n\n<p><strong>Connection link: <\/strong><a href=\"https:\/\/madrid.zoom.us\/j\/82112222618?pwd=cUdQT0xveFlYVERCSXVtZkZFMU1PQT09\">https:\/\/madrid.zoom.us\/j\/82112222618https:\/\/madrid.zoom.us\/j\/82112222618?pwd=cUdQT0xveFlYVERCSXVtZkZFMU1PQT09<\/a><\/p>\n\n<p><\/p>\n\n<p>If you have any questions, please contact us by e-mail: <\/p>\n\n<p><a href=\"mailto:fibgestor.hcsc@salud.madrid.org\">fibgestor.hcsc@salud.madrid.org<\/a><\/p>\n","protected":false},"excerpt":{"rendered":"<p>1 February 2023 Online modality: URL for accessing the seminars:\u00a0https:\/\/madrid.zoom.us\/j\/82112222618 Classroom: Aula Fern\u00e1ndez Cruz of the teaching pavilion of the Hospital Cl\u00ednico San Carlos. 13:00h Results of the VALUE project: Process mining in musculoskeletal diseases. Dr. Luis Rodr\u00edguez Rodr\u00edguez. Senior Researcher. Musculoskeletal pathology research group. Health Research Institute of the Hospital Cl\u00ednico San Carlos (IdISSC). [&hellip;]<\/p>\n","protected":false},"author":3,"featured_media":0,"parent":0,"menu_order":0,"comment_status":"closed","ping_status":"closed","template":"","meta":{"footnotes":""},"class_list":["post-35753","page","type-page","status-publish","hentry"],"acf":[],"yoast_head":"<!-- This site is optimized with the Yoast SEO plugin v20.8 - https:\/\/yoast.com\/wordpress\/plugins\/seo\/ -->\n<title>IdISSC Research Seminar - February&#039;23 - IdISSC<\/title>\n<meta name=\"robots\" content=\"index, follow, max-snippet:-1, max-image-preview:large, max-video-preview:-1\" \/>\n<link rel=\"canonical\" href=\"https:\/\/www.idissc.org\/en\/idissc-research-seminar-february23\/\" \/>\n<meta property=\"og:locale\" content=\"en_US\" \/>\n<meta property=\"og:type\" content=\"article\" \/>\n<meta property=\"og:title\" content=\"IdISSC Research Seminar - February&#039;23 - IdISSC\" \/>\n<meta property=\"og:description\" content=\"1 February 2023 Online modality: URL for accessing the seminars:\u00a0https:\/\/madrid.zoom.us\/j\/82112222618 Classroom: Aula Fern\u00e1ndez Cruz of the teaching pavilion of the Hospital Cl\u00ednico San Carlos. 13:00h Results of the VALUE project: Process mining in musculoskeletal diseases. Dr. Luis Rodr\u00edguez Rodr\u00edguez. Senior Researcher. Musculoskeletal pathology research group. Health Research Institute of the Hospital Cl\u00ednico San Carlos (IdISSC). [&hellip;]\" \/>\n<meta property=\"og:url\" content=\"https:\/\/www.idissc.org\/en\/idissc-research-seminar-february23\/\" \/>\n<meta property=\"og:site_name\" content=\"IdISSC\" \/>\n<meta property=\"article:modified_time\" content=\"2023-06-07T12:38:47+00:00\" \/>\n<meta property=\"og:image\" content=\"https:\/\/www.idissc.org\/wp-content\/uploads\/2023\/01\/Miguel-de-la-Hoya3.jpg\" \/>\n<meta name=\"twitter:card\" content=\"summary_large_image\" \/>\n<meta name=\"twitter:label1\" content=\"Est. reading time\" \/>\n\t<meta name=\"twitter:data1\" content=\"3 minutes\" \/>\n<script type=\"application\/ld+json\" class=\"yoast-schema-graph\">{\"@context\":\"https:\/\/schema.org\",\"@graph\":[{\"@type\":\"WebPage\",\"@id\":\"https:\/\/www.idissc.org\/en\/idissc-research-seminar-february23\/\",\"url\":\"https:\/\/www.idissc.org\/en\/idissc-research-seminar-february23\/\",\"name\":\"IdISSC Research Seminar - February'23 - IdISSC\",\"isPartOf\":{\"@id\":\"https:\/\/www.idissc.org\/en\/#website\"},\"datePublished\":\"2023-06-07T12:38:42+00:00\",\"dateModified\":\"2023-06-07T12:38:47+00:00\",\"breadcrumb\":{\"@id\":\"https:\/\/www.idissc.org\/en\/idissc-research-seminar-february23\/#breadcrumb\"},\"inLanguage\":\"en-US\",\"potentialAction\":[{\"@type\":\"ReadAction\",\"target\":[\"https:\/\/www.idissc.org\/en\/idissc-research-seminar-february23\/\"]}]},{\"@type\":\"BreadcrumbList\",\"@id\":\"https:\/\/www.idissc.org\/en\/idissc-research-seminar-february23\/#breadcrumb\",\"itemListElement\":[{\"@type\":\"ListItem\",\"position\":1,\"name\":\"Portada\",\"item\":\"https:\/\/www.idissc.org\/en\/\"},{\"@type\":\"ListItem\",\"position\":2,\"name\":\"IdISSC Research Seminar &#8211; February&#8217;23\"}]},{\"@type\":\"WebSite\",\"@id\":\"https:\/\/www.idissc.org\/en\/#website\",\"url\":\"https:\/\/www.idissc.org\/en\/\",\"name\":\"IdISSC\",\"description\":\"IdISSC\",\"potentialAction\":[{\"@type\":\"SearchAction\",\"target\":{\"@type\":\"EntryPoint\",\"urlTemplate\":\"https:\/\/www.idissc.org\/en\/?s={search_term_string}\"},\"query-input\":\"required name=search_term_string\"}],\"inLanguage\":\"en-US\"}]}<\/script>\n<!-- \/ Yoast SEO plugin. -->","yoast_head_json":{"title":"IdISSC Research Seminar - February'23 - IdISSC","robots":{"index":"index","follow":"follow","max-snippet":"max-snippet:-1","max-image-preview":"max-image-preview:large","max-video-preview":"max-video-preview:-1"},"canonical":"https:\/\/www.idissc.org\/en\/idissc-research-seminar-february23\/","og_locale":"en_US","og_type":"article","og_title":"IdISSC Research Seminar - February'23 - IdISSC","og_description":"1 February 2023 Online modality: URL for accessing the seminars:\u00a0https:\/\/madrid.zoom.us\/j\/82112222618 Classroom: Aula Fern\u00e1ndez Cruz of the teaching pavilion of the Hospital Cl\u00ednico San Carlos. 13:00h Results of the VALUE project: Process mining in musculoskeletal diseases. Dr. Luis Rodr\u00edguez Rodr\u00edguez. Senior Researcher. Musculoskeletal pathology research group. Health Research Institute of the Hospital Cl\u00ednico San Carlos (IdISSC). [&hellip;]","og_url":"https:\/\/www.idissc.org\/en\/idissc-research-seminar-february23\/","og_site_name":"IdISSC","article_modified_time":"2023-06-07T12:38:47+00:00","og_image":[{"url":"https:\/\/www.idissc.org\/wp-content\/uploads\/2023\/01\/Miguel-de-la-Hoya3.jpg"}],"twitter_card":"summary_large_image","twitter_misc":{"Est. reading time":"3 minutes"},"schema":{"@context":"https:\/\/schema.org","@graph":[{"@type":"WebPage","@id":"https:\/\/www.idissc.org\/en\/idissc-research-seminar-february23\/","url":"https:\/\/www.idissc.org\/en\/idissc-research-seminar-february23\/","name":"IdISSC Research Seminar - February'23 - IdISSC","isPartOf":{"@id":"https:\/\/www.idissc.org\/en\/#website"},"datePublished":"2023-06-07T12:38:42+00:00","dateModified":"2023-06-07T12:38:47+00:00","breadcrumb":{"@id":"https:\/\/www.idissc.org\/en\/idissc-research-seminar-february23\/#breadcrumb"},"inLanguage":"en-US","potentialAction":[{"@type":"ReadAction","target":["https:\/\/www.idissc.org\/en\/idissc-research-seminar-february23\/"]}]},{"@type":"BreadcrumbList","@id":"https:\/\/www.idissc.org\/en\/idissc-research-seminar-february23\/#breadcrumb","itemListElement":[{"@type":"ListItem","position":1,"name":"Portada","item":"https:\/\/www.idissc.org\/en\/"},{"@type":"ListItem","position":2,"name":"IdISSC Research Seminar &#8211; February&#8217;23"}]},{"@type":"WebSite","@id":"https:\/\/www.idissc.org\/en\/#website","url":"https:\/\/www.idissc.org\/en\/","name":"IdISSC","description":"IdISSC","potentialAction":[{"@type":"SearchAction","target":{"@type":"EntryPoint","urlTemplate":"https:\/\/www.idissc.org\/en\/?s={search_term_string}"},"query-input":"required name=search_term_string"}],"inLanguage":"en-US"}]}},"_links":{"self":[{"href":"https:\/\/www.idissc.org\/en\/wp-json\/wp\/v2\/pages\/35753","targetHints":{"allow":["GET"]}}],"collection":[{"href":"https:\/\/www.idissc.org\/en\/wp-json\/wp\/v2\/pages"}],"about":[{"href":"https:\/\/www.idissc.org\/en\/wp-json\/wp\/v2\/types\/page"}],"author":[{"embeddable":true,"href":"https:\/\/www.idissc.org\/en\/wp-json\/wp\/v2\/users\/3"}],"replies":[{"embeddable":true,"href":"https:\/\/www.idissc.org\/en\/wp-json\/wp\/v2\/comments?post=35753"}],"version-history":[{"count":1,"href":"https:\/\/www.idissc.org\/en\/wp-json\/wp\/v2\/pages\/35753\/revisions"}],"predecessor-version":[{"id":35754,"href":"https:\/\/www.idissc.org\/en\/wp-json\/wp\/v2\/pages\/35753\/revisions\/35754"}],"wp:attachment":[{"href":"https:\/\/www.idissc.org\/en\/wp-json\/wp\/v2\/media?parent=35753"}],"curies":[{"name":"wp","href":"https:\/\/api.w.org\/{rel}","templated":true}]}}