{"id":35736,"date":"2023-06-07T12:01:44","date_gmt":"2023-06-07T12:01:44","guid":{"rendered":"https:\/\/www.idissc.org\/ii-meeting-forum-for-doctoral-researchers\/"},"modified":"2023-06-07T12:07:31","modified_gmt":"2023-06-07T12:07:31","slug":"ii-meeting-forum-for-doctoral-researchers","status":"publish","type":"page","link":"https:\/\/www.idissc.org\/en\/ii-meeting-forum-for-doctoral-researchers\/","title":{"rendered":"II Meeting Forum for doctoral researchers"},"content":{"rendered":"\n<p><strong>The Health Research Institute of the Hospital Cl\u00ednico San Carlos (IdISSC)<\/strong> is holding the <strong>II Meeting Forum<\/strong> for researchers who are developing their doctoral thesis on Friday 23 June at 13:30.<\/p>\n\n<p>This forum aims to encourage the sharing of knowledge and experiences that will help to facilitate the methodological advancement of your objectives.<\/p>\n\n<p><\/p>\n\n<figure class=\"wp-block-image size-full\"><img loading=\"lazy\" decoding=\"async\" width=\"582\" height=\"654\" src=\"https:\/\/www.idissc.org\/wp-content\/uploads\/2023\/05\/Doctorando.jpg\" alt=\"\" class=\"wp-image-35158\" srcset=\"https:\/\/www.idissc.org\/wp-content\/uploads\/2023\/05\/Doctorando.jpg 582w, https:\/\/www.idissc.org\/wp-content\/uploads\/2023\/05\/Doctorando-267x300.jpg 267w\" sizes=\"auto, (max-width: 582px) 100vw, 582px\" \/><\/figure>\n<p>If you are interested in attending, please fill in the following form and we will contact you to inform you of the details.<\/p>\n\n<p><\/p>\n\n<p><strong>APPLICATION FOR REGISTRATION<\/strong><\/p>\n\n<div class=\"wp-block-contact-form-7-contact-form-selector\">\n<div class=\"wpcf7 no-js\" id=\"wpcf7-f35005-o1\" lang=\"es-ES\" dir=\"ltr\">\n<div class=\"screen-reader-response\"><p role=\"status\" aria-live=\"polite\" aria-atomic=\"true\"><\/p> <ul><\/ul><\/div>\n<form action=\"\/en\/wp-json\/wp\/v2\/pages\/35736#wpcf7-f35005-o1\" method=\"post\" class=\"wpcf7-form init\" aria-label=\"Formulario de contacto\" novalidate=\"novalidate\" data-status=\"init\">\n<div style=\"display: none;\">\n<input type=\"hidden\" name=\"_wpcf7\" value=\"35005\" \/>\n<input type=\"hidden\" name=\"_wpcf7_version\" value=\"5.7.7\" \/>\n<input type=\"hidden\" name=\"_wpcf7_locale\" value=\"es_ES\" \/>\n<input type=\"hidden\" name=\"_wpcf7_unit_tag\" value=\"wpcf7-f35005-o1\" \/>\n<input type=\"hidden\" name=\"_wpcf7_container_post\" value=\"0\" \/>\n<input type=\"hidden\" name=\"_wpcf7_posted_data_hash\" value=\"\" \/>\n<input type=\"hidden\" name=\"_wpcf7_recaptcha_response\" value=\"\" \/>\n<\/div>\n<p><span class=\"wpcf7-form-control-wrap\" data-name=\"nombre\"><input size=\"40\" class=\"wpcf7-form-control wpcf7-text wpcf7-validates-as-required\" aria-required=\"true\" aria-invalid=\"false\" placeholder=\"Nombre y apellidos\" value=\"\" type=\"text\" name=\"nombre\" \/><\/span>\n<\/p>\n<p><span class=\"wpcf7-form-control-wrap\" data-name=\"email\"><input size=\"40\" class=\"wpcf7-form-control wpcf7-text wpcf7-validates-as-required form-control\" aria-required=\"true\" aria-invalid=\"false\" placeholder=\"Correo electr\u00f3nico de contacto (preferiblemente institucional)\" value=\"\" type=\"text\" name=\"email\" \/><\/span>\n<\/p>\n<p><span class=\"wpcf7-form-control-wrap\" data-name=\"tematica\"><input size=\"40\" class=\"wpcf7-form-control wpcf7-text wpcf7-validates-as-required\" aria-required=\"true\" aria-invalid=\"false\" placeholder=\"T\u00edtulo y\/o tem\u00e1tica de la tesis\" value=\"\" type=\"text\" name=\"tematica\" \/><\/span>\n<\/p>\n<p><span class=\"wpcf7-form-control-wrap\" data-name=\"director\"><input size=\"40\" class=\"wpcf7-form-control wpcf7-text wpcf7-validates-as-required\" aria-required=\"true\" aria-invalid=\"false\" placeholder=\"Director\/a de la Tesis\" value=\"\" type=\"text\" name=\"director\" \/><\/span>\n<\/p>\n<div>\n\t<p>Entidad a la que pertenece:\n\t<\/p>\n<\/div>\n<p><span class=\"wpcf7-form-control-wrap\" data-name=\"menu-278\"><select class=\"wpcf7-form-control wpcf7-select wpcf7-validates-as-required\" id=\"Entidad\" aria-required=\"true\" aria-invalid=\"false\" name=\"menu-278\"><option value=\"\"><\/option><option value=\"Hospital Cl\u00ednico San Carlos\">Hospital Cl\u00ednico San Carlos<\/option><option value=\"Fundaci\u00f3n Investigaci\u00f3n Biom\u00e9dica\">Fundaci\u00f3n Investigaci\u00f3n Biom\u00e9dica<\/option><option value=\"Universidad Complutense de Madrid\">Universidad Complutense de Madrid<\/option><option value=\"Universidad Polit\u00e9cnica de Madrid\">Universidad Polit\u00e9cnica de Madrid<\/option><option value=\"Otra\">Otra<\/option><\/select><\/span>\n<\/p>\n<div>\n\t<p>\u00c1rea Cient\u00edfica:\n\t<\/p>\n<\/div>\n<p><span class=\"wpcf7-form-control-wrap\" data-name=\"menu-279\"><select class=\"wpcf7-form-control wpcf7-select wpcf7-validates-as-required\" id=\"Entidad\" aria-required=\"true\" aria-invalid=\"false\" name=\"menu-279\"><option value=\"\"><\/option><option value=\"Cardiovascular (CV)\">Cardiovascular (CV)<\/option><option value=\"Inflamaci\u00f3n, Infecci\u00f3n, Inmunidad y Alergia (IIIA)\">Inflamaci\u00f3n, Infecci\u00f3n, Inmunidad y Alergia (IIIA)<\/option><option value=\"Neurociencia (NEC)\">Neurociencia (NEC)<\/option><option value=\"Oncolog\u00eda (ONC)\">Oncolog\u00eda (ONC)<\/option><option value=\"Otras Grandes Sistemas (OGS)\">Otras Grandes Sistemas (OGS)<\/option><option value=\"Tecnolog\u00edas Avanzadas y Traslaci\u00f3n de Modelos (TEC)\">Tecnolog\u00edas Avanzadas y Traslaci\u00f3n de Modelos (TEC)<\/option><option value=\"Unidades de Soporte Transversal a la Investigaci\u00f3n (UTS)\">Unidades de Soporte Transversal a la Investigaci\u00f3n (UTS)<\/option><\/select><\/span>\n<\/p>\n<div class=\"frm-input\">\n\t<div class=\"chk-box-lft\">\n\t\t<div class=\"suger_checkbox\">\n\t\t\t<p><span class=\"wpcf7-form-control-wrap\" data-name=\"privacy\"><span class=\"wpcf7-form-control wpcf7-acceptance\"><span class=\"wpcf7-list-item\"><input type=\"checkbox\" name=\"privacy\" value=\"1\" class=\"check5class\" id=\"optionss\" aria-invalid=\"false\" \/><\/span><\/span><\/span><label>He le\u00eddo y acepto la <a href=\"https:\/\/www.idissc.org\/wp-content\/uploads\/2023\/08\/Clausula_InscripcionCursos.pdf\" target=\"_blank\"><u>Pol\u00edtica de Protecci\u00f3n de Datos<\/u><\/a><\/label>\n\t\t\t<\/p>\n\t\t<\/div>\n\t\t<div class=\"suger_checkbox\">\n\t\t\t<p><span class=\"wpcf7-form-control-wrap\" data-name=\"comercial\"><span class=\"wpcf7-form-control wpcf7-acceptance optional\"><span class=\"wpcf7-list-item\"><input type=\"checkbox\" name=\"comercial\" value=\"1\" class=\"check5class\" id=\"optionss\" aria-invalid=\"false\" \/><\/span><\/span><\/span><label>Estoy de acuerdo en recibir informaci\u00f3n promocional.<\/label>\n\t\t\t<\/p>\n\t\t<\/div>\n\t\t<div class=\"btn-ctr\">\n\t\t\t<p><button class=\"env-btn\">Enviar<\/button>\n\t\t\t<\/p>\n\t\t<\/div>\n\t<\/div>\n<\/div><div class=\"wpcf7-response-output\" aria-hidden=\"true\"><\/div>\n<\/form>\n<\/div>\n<\/div>\n","protected":false},"excerpt":{"rendered":"<p>The Health Research Institute of the Hospital Cl\u00ednico San Carlos (IdISSC) is holding the II Meeting Forum for researchers who are developing their doctoral thesis on Friday 23 June at 13:30. This forum aims to encourage the sharing of knowledge and experiences that will help to facilitate the methodological advancement of your objectives. If you [&hellip;]<\/p>\n","protected":false},"author":3,"featured_media":0,"parent":0,"menu_order":0,"comment_status":"closed","ping_status":"closed","template":"","meta":{"footnotes":""},"class_list":["post-35736","page","type-page","status-publish","hentry"],"acf":[],"yoast_head":"<!-- This site is optimized with the Yoast SEO plugin v20.8 - https:\/\/yoast.com\/wordpress\/plugins\/seo\/ -->\n<title>II Meeting Forum for doctoral researchers - IdISSC<\/title>\n<meta name=\"robots\" content=\"index, follow, max-snippet:-1, max-image-preview:large, max-video-preview:-1\" \/>\n<link rel=\"canonical\" href=\"https:\/\/www.idissc.org\/en\/ii-meeting-forum-for-doctoral-researchers\/\" \/>\n<meta property=\"og:locale\" content=\"en_US\" \/>\n<meta property=\"og:type\" content=\"article\" \/>\n<meta property=\"og:title\" content=\"II Meeting Forum for doctoral researchers - IdISSC\" \/>\n<meta property=\"og:description\" content=\"The Health Research Institute of the Hospital Cl\u00ednico San Carlos (IdISSC) is holding the II Meeting Forum for researchers who are developing their doctoral thesis on Friday 23 June at 13:30. This forum aims to encourage the sharing of knowledge and experiences that will help to facilitate the methodological advancement of your objectives. If you [&hellip;]\" \/>\n<meta property=\"og:url\" content=\"https:\/\/www.idissc.org\/en\/ii-meeting-forum-for-doctoral-researchers\/\" \/>\n<meta property=\"og:site_name\" content=\"IdISSC\" \/>\n<meta property=\"article:modified_time\" content=\"2023-06-07T12:07:31+00:00\" \/>\n<meta property=\"og:image\" content=\"https:\/\/www.idissc.org\/wp-content\/uploads\/2023\/05\/Doctorando.jpg\" \/>\n<meta name=\"twitter:card\" content=\"summary_large_image\" \/>\n<script type=\"application\/ld+json\" class=\"yoast-schema-graph\">{\"@context\":\"https:\/\/schema.org\",\"@graph\":[{\"@type\":\"WebPage\",\"@id\":\"https:\/\/www.idissc.org\/en\/ii-meeting-forum-for-doctoral-researchers\/\",\"url\":\"https:\/\/www.idissc.org\/en\/ii-meeting-forum-for-doctoral-researchers\/\",\"name\":\"II Meeting Forum for doctoral researchers - IdISSC\",\"isPartOf\":{\"@id\":\"https:\/\/www.idissc.org\/en\/#website\"},\"datePublished\":\"2023-06-07T12:01:44+00:00\",\"dateModified\":\"2023-06-07T12:07:31+00:00\",\"breadcrumb\":{\"@id\":\"https:\/\/www.idissc.org\/en\/ii-meeting-forum-for-doctoral-researchers\/#breadcrumb\"},\"inLanguage\":\"en-US\",\"potentialAction\":[{\"@type\":\"ReadAction\",\"target\":[\"https:\/\/www.idissc.org\/en\/ii-meeting-forum-for-doctoral-researchers\/\"]}]},{\"@type\":\"BreadcrumbList\",\"@id\":\"https:\/\/www.idissc.org\/en\/ii-meeting-forum-for-doctoral-researchers\/#breadcrumb\",\"itemListElement\":[{\"@type\":\"ListItem\",\"position\":1,\"name\":\"Portada\",\"item\":\"https:\/\/www.idissc.org\/en\/\"},{\"@type\":\"ListItem\",\"position\":2,\"name\":\"II Meeting Forum for doctoral researchers\"}]},{\"@type\":\"WebSite\",\"@id\":\"https:\/\/www.idissc.org\/en\/#website\",\"url\":\"https:\/\/www.idissc.org\/en\/\",\"name\":\"IdISSC\",\"description\":\"IdISSC\",\"potentialAction\":[{\"@type\":\"SearchAction\",\"target\":{\"@type\":\"EntryPoint\",\"urlTemplate\":\"https:\/\/www.idissc.org\/en\/?s={search_term_string}\"},\"query-input\":\"required name=search_term_string\"}],\"inLanguage\":\"en-US\"}]}<\/script>\n<!-- \/ Yoast SEO plugin. -->","yoast_head_json":{"title":"II Meeting Forum for doctoral researchers - IdISSC","robots":{"index":"index","follow":"follow","max-snippet":"max-snippet:-1","max-image-preview":"max-image-preview:large","max-video-preview":"max-video-preview:-1"},"canonical":"https:\/\/www.idissc.org\/en\/ii-meeting-forum-for-doctoral-researchers\/","og_locale":"en_US","og_type":"article","og_title":"II Meeting Forum for doctoral researchers - IdISSC","og_description":"The Health Research Institute of the Hospital Cl\u00ednico San Carlos (IdISSC) is holding the II Meeting Forum for researchers who are developing their doctoral thesis on Friday 23 June at 13:30. This forum aims to encourage the sharing of knowledge and experiences that will help to facilitate the methodological advancement of your objectives. If you [&hellip;]","og_url":"https:\/\/www.idissc.org\/en\/ii-meeting-forum-for-doctoral-researchers\/","og_site_name":"IdISSC","article_modified_time":"2023-06-07T12:07:31+00:00","og_image":[{"url":"https:\/\/www.idissc.org\/wp-content\/uploads\/2023\/05\/Doctorando.jpg"}],"twitter_card":"summary_large_image","schema":{"@context":"https:\/\/schema.org","@graph":[{"@type":"WebPage","@id":"https:\/\/www.idissc.org\/en\/ii-meeting-forum-for-doctoral-researchers\/","url":"https:\/\/www.idissc.org\/en\/ii-meeting-forum-for-doctoral-researchers\/","name":"II Meeting Forum for doctoral researchers - IdISSC","isPartOf":{"@id":"https:\/\/www.idissc.org\/en\/#website"},"datePublished":"2023-06-07T12:01:44+00:00","dateModified":"2023-06-07T12:07:31+00:00","breadcrumb":{"@id":"https:\/\/www.idissc.org\/en\/ii-meeting-forum-for-doctoral-researchers\/#breadcrumb"},"inLanguage":"en-US","potentialAction":[{"@type":"ReadAction","target":["https:\/\/www.idissc.org\/en\/ii-meeting-forum-for-doctoral-researchers\/"]}]},{"@type":"BreadcrumbList","@id":"https:\/\/www.idissc.org\/en\/ii-meeting-forum-for-doctoral-researchers\/#breadcrumb","itemListElement":[{"@type":"ListItem","position":1,"name":"Portada","item":"https:\/\/www.idissc.org\/en\/"},{"@type":"ListItem","position":2,"name":"II Meeting Forum for doctoral researchers"}]},{"@type":"WebSite","@id":"https:\/\/www.idissc.org\/en\/#website","url":"https:\/\/www.idissc.org\/en\/","name":"IdISSC","description":"IdISSC","potentialAction":[{"@type":"SearchAction","target":{"@type":"EntryPoint","urlTemplate":"https:\/\/www.idissc.org\/en\/?s={search_term_string}"},"query-input":"required name=search_term_string"}],"inLanguage":"en-US"}]}},"_links":{"self":[{"href":"https:\/\/www.idissc.org\/en\/wp-json\/wp\/v2\/pages\/35736","targetHints":{"allow":["GET"]}}],"collection":[{"href":"https:\/\/www.idissc.org\/en\/wp-json\/wp\/v2\/pages"}],"about":[{"href":"https:\/\/www.idissc.org\/en\/wp-json\/wp\/v2\/types\/page"}],"author":[{"embeddable":true,"href":"https:\/\/www.idissc.org\/en\/wp-json\/wp\/v2\/users\/3"}],"replies":[{"embeddable":true,"href":"https:\/\/www.idissc.org\/en\/wp-json\/wp\/v2\/comments?post=35736"}],"version-history":[{"count":3,"href":"https:\/\/www.idissc.org\/en\/wp-json\/wp\/v2\/pages\/35736\/revisions"}],"predecessor-version":[{"id":35741,"href":"https:\/\/www.idissc.org\/en\/wp-json\/wp\/v2\/pages\/35736\/revisions\/35741"}],"wp:attachment":[{"href":"https:\/\/www.idissc.org\/en\/wp-json\/wp\/v2\/media?parent=35736"}],"curies":[{"name":"wp","href":"https:\/\/api.w.org\/{rel}","templated":true}]}}